{"id":2184,"date":"2022-10-04T08:24:51","date_gmt":"2022-10-04T06:24:51","guid":{"rendered":"https:\/\/goldengreenhotels.nl\/hotels\/"},"modified":"2024-11-04T15:28:57","modified_gmt":"2024-11-04T14:28:57","slug":"hotels","status":"publish","type":"page","link":"https:\/\/goldengreenhotels.nl\/de\/hotels\/","title":{"rendered":"Hotels"},"content":{"rendered":"<p>[et_pb_section fb_built=&#8220;1&#8243; _builder_version=&#8220;4.19.0&#8243; _module_preset=&#8220;default&#8220; background_image=&#8220;https:\/\/goldengreenhotels.nl\/wp-content\/uploads\/2022\/11\/Header_GT.webp&#8220; height=&#8220;600px&#8220; global_colors_info=&#8220;{}&#8220;][et_pb_row _builder_version=&#8220;4.19.1&#8243; _module_preset=&#8220;default&#8220; custom_margin=&#8220;100px||||false|false&#8220; global_colors_info=&#8220;{}&#8220;][et_pb_column type=&#8220;4_4&#8243; _builder_version=&#8220;4.18.0&#8243; _module_preset=&#8220;default&#8220; global_colors_info=&#8220;{}&#8220;][et_pb_text _builder_version=&#8220;4.18.1&#8243; _module_preset=&#8220;default&#8220; text_text_color=&#8220;#000000&#8243; header_text_color=&#8220;#FFFFFF&#8220; text_orientation=&#8220;center&#8220; text_text_shadow_style=&#8220;preset1&#8243; global_colors_info=&#8220;{}&#8220;]<\/p>\n<h1>Treffen Sie unsere Golden Green Hotels<\/h1>\n<p>[\/et_pb_text][\/et_pb_column][\/et_pb_row][\/et_pb_section][et_pb_section fb_built=&#8220;1&#8243; _builder_version=&#8220;4.18.0&#8243; _module_preset=&#8220;default&#8220; background_color=&#8220;#FFFFFF&#8220; global_colors_info=&#8220;{}&#8220;][et_pb_row _builder_version=&#8220;4.18.0&#8243; _module_preset=&#8220;default&#8220; background_color=&#8220;RGBA(255,255,255,0)&#8220; custom_margin=&#8220;-130px||||false|false&#8220; global_module=&#8220;295&#8243; global_colors_info=&#8220;{}&#8220;][et_pb_column type=&#8220;4_4&#8243; _builder_version=&#8220;4.18.0&#8243; _module_preset=&#8220;default&#8220; global_colors_info=&#8220;{}&#8220;][et_pb_code _builder_version=&#8220;4.27.2&#8243; _module_preset=&#8220;default&#8220; global_colors_info=&#8220;{}&#8220; theme_builder_area=&#8220;post_content&#8220;]<script src=\"https:\/\/ajax.googleapis.com\/ajax\/libs\/jquery\/3.6.0\/jquery.min.js\"><\/script><!-- [et_pb_line_break_holder] --><script src=\"https:\/\/rawgit.com\/moment\/moment\/2.2.1\/min\/moment.min.js\"><\/script><!-- [et_pb_line_break_holder] --><\/p>\n<style><!-- [et_pb_line_break_holder] -->.hotel-form-card {<!-- [et_pb_line_break_holder] -->border-radius: 4px;<!-- [et_pb_line_break_holder] -->background-color: #fff;<!-- [et_pb_line_break_holder] -->box-shadow: 2px 2px 10px rgb(0 0 0 \/ 29%);<!-- [et_pb_line_break_holder] -->border: 1px solid #c9d4e4;<!-- [et_pb_line_break_holder] -->padding: 20px;<!-- [et_pb_line_break_holder] -->max-width: 1200px;<!-- [et_pb_line_break_holder] -->margin: 20px auto;<!-- [et_pb_line_break_holder] -->}<!-- [et_pb_line_break_holder] --><!-- [et_pb_line_break_holder] -->@media only screen and (max-width: 1200px) {<!-- [et_pb_line_break_holder] -->.hotel-form-card form {<!-- [et_pb_line_break_holder] -->display: block;<!-- [et_pb_line_break_holder] -->}<!-- [et_pb_line_break_holder] -->.hotel-form-card form .form_group {<!-- [et_pb_line_break_holder] -->display: block;<!-- [et_pb_line_break_holder] -->width: 100%;<!-- [et_pb_line_break_holder] -->}<!-- [et_pb_line_break_holder] -->.form_group label {<!-- [et_pb_line_break_holder] -->display: block;<!-- [et_pb_line_break_holder] -->}<!-- [et_pb_line_break_holder] -->.form_group input, select {<!-- [et_pb_line_break_holder] -->margin-bottom: 15px;<!-- [et_pb_line_break_holder] -->width: 100%;<!-- [et_pb_line_break_holder] -->}<!-- [et_pb_line_break_holder] -->}<!-- [et_pb_line_break_holder] -->@media only screen and (min-width: 1200px) {<!-- [et_pb_line_break_holder] -->.hotel-form-card form {<!-- [et_pb_line_break_holder] -->display: flex;<!-- [et_pb_line_break_holder] -->}<!-- [et_pb_line_break_holder] -->.hotel-form-card form .form_group {<!-- [et_pb_line_break_holder] -->display: flex;<!-- [et_pb_line_break_holder] -->flex-direction: column;<!-- [et_pb_line_break_holder] -->width: 25%;<!-- [et_pb_line_break_holder] -->}<!-- [et_pb_line_break_holder] -->}<!-- [et_pb_line_break_holder] --><!-- [et_pb_line_break_holder] -->.hotel-form-card form .form_group {<!-- [et_pb_line_break_holder] -->padding: 0px 10px;<!-- [et_pb_line_break_holder] -->}<!-- [et_pb_line_break_holder] -->.form_group label {<!-- [et_pb_line_break_holder] -->font-size: 100%;<!-- [et_pb_line_break_holder] -->font-weight: 700;<!-- [et_pb_line_break_holder] -->color: #003366;<!-- [et_pb_line_break_holder] -->margin-bottom: 8px;<!-- [et_pb_line_break_holder] -->}<!-- [et_pb_line_break_holder] -->.form_group input, select {<!-- [et_pb_line_break_holder] -->background: #ffffff;<!-- [et_pb_line_break_holder] -->border: 1px solid #003366;<!-- [et_pb_line_break_holder] -->border-radius: 4px;<!-- [et_pb_line_break_holder] -->padding: 10px;<!-- [et_pb_line_break_holder] -->font-size: 14px;<!-- [et_pb_line_break_holder] -->color: #003366;<!-- [et_pb_line_break_holder] -->outline: none;<!-- [et_pb_line_break_holder] -->}<!-- [et_pb_line_break_holder] -->.hotel-form-card .btn_container {<!-- [et_pb_line_break_holder] -->padding: 0px 10px;<!-- [et_pb_line_break_holder] -->display: flex;<!-- [et_pb_line_break_holder] -->align-self: flex-end;<!-- [et_pb_line_break_holder] -->}<!-- [et_pb_line_break_holder] -->.hotel-form-card .btn_container button {<!-- [et_pb_line_break_holder] -->padding: 12px;<!-- [et_pb_line_break_holder] -->font-size: 14px;<!-- [et_pb_line_break_holder] -->color: #FFFFFF;<!-- [et_pb_line_break_holder] -->background-color: #003366;<!-- [et_pb_line_break_holder] -->border-radius: 4px;<!-- [et_pb_line_break_holder] -->border: none;<!-- [et_pb_line_break_holder] -->outline: none;<!-- [et_pb_line_break_holder] -->cursor: pointer;<!-- [et_pb_line_break_holder] -->}<!-- [et_pb_line_break_holder] --><\/style>\n<p><!-- [et_pb_line_break_holder] --><!-- [et_pb_line_break_holder] --><\/p>\n<div class=\"hotel-form-card\"><!-- [et_pb_line_break_holder] -->  <\/p>\n<form><!-- [et_pb_line_break_holder] -->    <\/p>\n<div class=\"form_group\"><!-- [et_pb_line_break_holder] -->      <label>Datum der Ankunft<\/label><!-- [et_pb_line_break_holder] -->      <input type=\"date\" name=\"aankomst\" id=\"arrivalDate\" onchange=\"checkArrivalDate()\" min=\"2022-10-21\"><!-- [et_pb_line_break_holder] -->    <\/div>\n<p><!-- [et_pb_line_break_holder] -->    <\/p>\n<div class=\"form_group\"><!-- [et_pb_line_break_holder] -->      <label>Datum der Abreise<\/label><!-- [et_pb_line_break_holder] -->      <input type=\"date\" name=\"vertrek\" id=\"departureDate\" onchange=\"checkDepartureDate()\" min=\"2022-10-22\"><!-- [et_pb_line_break_holder] -->    <\/div>\n<p><!-- [et_pb_line_break_holder] -->    <\/p>\n<div class=\"form_group\"><!-- [et_pb_line_break_holder] -->      <label>Anzahl der Personen<\/label><!-- [et_pb_line_break_holder] -->      <select id=\"person\"><!-- [et_pb_line_break_holder] --><option value=\"1\" name=\"person\">1<\/option><!-- [et_pb_line_break_holder] --><option value=\"2\" name=\"person\">2<\/option><!-- [et_pb_line_break_holder] --><option value=\"3\" name=\"person\">3<\/option><!-- [et_pb_line_break_holder] --><option value=\"4\" name=\"person\">4<\/option><!-- [et_pb_line_break_holder] -->      <\/select><!-- [et_pb_line_break_holder] -->    <\/div>\n<p><!-- [et_pb_line_break_holder] -->    <\/p>\n<div class=\"form_group\"><!-- [et_pb_line_break_holder] -->      <label>Hotel w\u00e4hlen  <\/label><!-- [et_pb_line_break_holder] -->      <select id=\"hotel\"><!-- [et_pb_line_break_holder] --><option value=\"golden-tulip-leiden\">Golden Tulip Leiden<\/option><!-- [et_pb_line_break_holder] --><option value=\"tulip-inn-leiden\">Tulip Inn Leiden<\/option><!-- [et_pb_line_break_holder] --><option value=\"hotel-vic\">Hotel VIC<\/option><!-- [et_pb_line_break_holder] --><option value=\"ibis-leiden\">ibis Leiden<\/option><!-- [et_pb_line_break_holder] -->      <\/select><!-- [et_pb_line_break_holder] -->    <\/div>\n<p><!-- [et_pb_line_break_holder] -->    <\/p>\n<div class=\"btn_container\"><!-- [et_pb_line_break_holder] -->      <button type=\"button\" onclick=\"selectHotel()\">B\u00fccher<\/button><!-- [et_pb_line_break_holder] -->    <\/div>\n<p><!-- [et_pb_line_break_holder] -->  <\/form>\n<p><!-- [et_pb_line_break_holder] --><\/div>\n<p><!-- [et_pb_line_break_holder] --><!-- [et_pb_line_break_holder] --><script><!-- [et_pb_line_break_holder] -->var arrivalDate = document.getElementById(\"arrivalDate\");<!-- [et_pb_line_break_holder] -->var toDate = document.getElementById(\"departureDate\");<!-- [et_pb_line_break_holder] -->arrivalDate.setAttribute(\"min\", moment().format(\"YYYY-MM-DD\"));<!-- [et_pb_line_break_holder] -->toDate.setAttribute(\"min\", moment().add(1, \"day\").format(\"YYYY-MM-DD\"));<!-- [et_pb_line_break_holder] --><!-- [et_pb_line_break_holder] -->function checkArrivalDate() {<!-- [et_pb_line_break_holder] -->  let arrivalDateVal = moment($(\"#arrivalDate\").val());<!-- [et_pb_line_break_holder] -->  if (arrivalDateVal) {<!-- [et_pb_line_break_holder] -->    let departureDate = moment(arrivalDateVal).add(1, \"day\").format(\"YYYY-MM-DD\");<!-- [et_pb_line_break_holder] -->    $(\"#departureDate\").val(departureDate);<!-- [et_pb_line_break_holder] -->    $(\"#departureDate\").attr(\"min\", departureDate);<!-- [et_pb_line_break_holder] -->  } else {<!-- [et_pb_line_break_holder] -->    $(\"#departureDate\").val(null);<!-- [et_pb_line_break_holder] -->  }<!-- [et_pb_line_break_holder] -->}<!-- [et_pb_line_break_holder] --><!-- [et_pb_line_break_holder] -->function checkDate() {<!-- [et_pb_line_break_holder] -->  let arrivalDateVal = moment($(\"#arrivalDate\").val());<!-- [et_pb_line_break_holder] -->  if (arrivalDateVal) {<!-- [et_pb_line_break_holder] -->    let departureDateVal = moment($(\"#departureDate\").val());<!-- [et_pb_line_break_holder] -->    if (arrivalDateVal.diff(departureDateVal, \"days\") >= 0) {<!-- [et_pb_line_break_holder] -->      $(\"#departureDate\").val(null);<!-- [et_pb_line_break_holder] -->      alert(\"De vertrekdatum moet minimaal 1 dag na de aankomstdatum liggen.\");<!-- [et_pb_line_break_holder] -->    }<!-- [et_pb_line_break_holder] -->  }<!-- [et_pb_line_break_holder] -->}<!-- [et_pb_line_break_holder] --><!-- [et_pb_line_break_holder] -->function selectHotel() {<!-- [et_pb_line_break_holder] -->  let arrivalDateVal = moment($(\"#arrivalDate\").val());<!-- [et_pb_line_break_holder] -->  let departureDateVal = moment($(\"#departureDate\").val());<!-- [et_pb_line_break_holder] -->  <!-- [et_pb_line_break_holder] -->  if (!arrivalDateVal || !departureDateVal) {<!-- [et_pb_line_break_holder] -->    alert(\"Selecteer zowel een aankomst- als een vertrekdatum.\");<!-- [et_pb_line_break_holder] -->    return;<!-- [et_pb_line_break_holder] -->  }<!-- [et_pb_line_break_holder] -->  <!-- [et_pb_line_break_holder] -->  if (arrivalDateVal.diff(departureDateVal, \"days\") >= 0) {<!-- [et_pb_line_break_holder] -->    alert(\"De vertrekdatum moet minimaal 1 dag na de aankomstdatum liggen.\");<!-- [et_pb_line_break_holder] -->    return;<!-- [et_pb_line_break_holder] -->  }<!-- [et_pb_line_break_holder] --><!-- [et_pb_line_break_holder] -->  let hotelValue = $(\"#hotel\").val();<!-- [et_pb_line_break_holder] -->  let noOfPeople = $(\"#person\").val();<!-- [et_pb_line_break_holder] -->  let totalNights = departureDateVal.diff(arrivalDateVal, \"days\");<!-- [et_pb_line_break_holder] --><!-- [et_pb_line_break_holder] -->  let redirectUrl = null;<!-- [et_pb_line_break_holder] -->  <!-- [et_pb_line_break_holder] -->  if (hotelValue === \"ibis-leiden\") {<!-- [et_pb_line_break_holder] -->    redirectUrl = `https:\/\/all.accor.com\/ssr\/app\/accor\/rates\/8087\/index.nl.shtml?dateIn=${arrivalDateVal.format(\"YYYY-MM-DD\")}&nights=${totalNights}&compositions=${noOfPeople}&stayplus=false&snu=false&accessibleRooms=false`;<!-- [et_pb_line_break_holder] -->  } else if (hotelValue === \"golden-tulip-leiden\" || hotelValue === \"tulip-inn-leiden\") {<!-- [et_pb_line_break_holder] -->    redirectUrl = `https:\/\/sky-eu1.clock-software.com\/spa\/pms-wbe\/#\/hotel\/11271?adult_count=${noOfPeople}&arrival=${arrivalDateVal.format(\"YYYY-MM-DD\")}&departure=${departureDateVal.format(\"YYYY-MM-DD\")}&nights=${totalNights}&submit=true`;<!-- [et_pb_line_break_holder] -->  } else {<!-- [et_pb_line_break_holder] -->    redirectUrl = `https:\/\/sky-eu1.clock-software.com\/spa\/pms-wbe\/#\/hotel\/12753?adult_count=${noOfPeople}&arrival=${arrivalDateVal.format(\"YYYY-MM-DD\")}&departure=${departureDateVal.format(\"YYYY-MM-DD\")}&nights=${totalNights}&submit=true`;<!-- [et_pb_line_break_holder] -->  }<!-- [et_pb_line_break_holder] --><!-- [et_pb_line_break_holder] -->  window.open(redirectUrl, \"_blank\");<!-- [et_pb_line_break_holder] -->}<!-- [et_pb_line_break_holder] --><\/script><!-- [et_pb_line_break_holder] --><!-- [et_pb_line_break_holder] -->[\/et_pb_code][\/et_pb_column][\/et_pb_row][\/et_pb_section][et_pb_section fb_built=&#8220;1&#8243; _builder_version=&#8220;4.19.0&#8243; _module_preset=&#8220;default&#8220; custom_margin=&#8220;-150px||50px||false|false&#8220; global_colors_info=&#8220;{}&#8220;][et_pb_row _builder_version=&#8220;4.19.0&#8243; _module_preset=&#8220;default&#8220; global_colors_info=&#8220;{}&#8220;][et_pb_column type=&#8220;4_4&#8243; _builder_version=&#8220;4.19.0&#8243; _module_preset=&#8220;default&#8220; global_colors_info=&#8220;{}&#8220;][et_pb_text _builder_version=&#8220;4.19.1&#8243; _module_preset=&#8220;default&#8220; global_colors_info=&#8220;{}&#8220;]<\/p>\n<h1>  Alle Hotels<\/h1>\n<p>Zimmer mit sch\u00f6nen Betten im Zentrum von Leiden. Hervorragender Service, Gastfreundschaft und pers\u00f6nliche Betreuung sind unsere Markenzeichen. Die wichtigsten St\u00e4dte der Randstad sind innerhalb einer halben Stunde mit dem Auto, dem Zug oder dem Bus zu erreichen.  <br \/>Golden Green Hotels besteht aus vier Hotels im Zentrum von Leiden: Golden Tulip, Tulip Inn, VIC und ibis. Alle befinden sich in der N\u00e4he des Hauptbahnhofs und in Gehweite des Stadtzentrums.<\/p>\n<p>[\/et_pb_text][\/et_pb_column][\/et_pb_row][\/et_pb_section][et_pb_section fb_built=&#8220;1&#8243; _builder_version=&#8220;4.18.1&#8243; _module_preset=&#8220;default&#8220; custom_margin=&#8220;-100px||||false|false&#8220; saved_tabs=&#8220;all&#8220; global_colors_info=&#8220;{}&#8220;][et_pb_row column_structure=&#8220;1_2,1_2&#8243; _builder_version=&#8220;4.19.1&#8243; _module_preset=&#8220;default&#8220; custom_margin=&#8220;||40px||false|false&#8220; global_colors_info=&#8220;{}&#8220;][et_pb_column type=&#8220;1_2&#8243; _builder_version=&#8220;4.18.0&#8243; _module_preset=&#8220;default&#8220; global_colors_info=&#8220;{}&#8220;][et_pb_text _builder_version=&#8220;4.27.2&#8243; _module_preset=&#8220;default&#8220; text_orientation=&#8220;center&#8220; hover_enabled=&#8220;0&#8243; global_colors_info=&#8220;{}&#8220; sticky_enabled=&#8220;0&#8243;]<\/p>\n<h4>Golden Tulip ****<\/h4>\n<p><span>Buchen Sie hier Ihr Comfort Zimmer, Executive Zimmer oder Business Suite.<\/span><\/p>\n<p>[\/et_pb_text][et_pb_image src=&#8220;https:\/\/goldengreenhotels.nl\/wp-content\/uploads\/2022\/10\/221021_Golden-Tulip-Comfort-kamer-Leiden-5.webp&#8220; title_text=&#8220;221021_Goldene Tulpe Komfortzimmer Leiden 5&#8243; url=&#8220;https:\/\/goldengreenhotels.nl\/de\/hotels\/goldene-tulpe-leiden\/&#8220; _builder_version=&#8220;4.18.0&#8243; _module_preset=&#8220;default&#8220; border_radii=&#8220;on|5px|5px|5px|5px&#8220; global_colors_info=&#8220;{}&#8220;][\/et_pb_image][et_pb_button button_url=&#8220;https:\/\/goldengreenhotels.nl\/de\/hotels\/goldene-tulpe-leiden\/&#8220; button_text=&#8220;Hotel ansehen&#8220; button_alignment=&#8220;center&#8220; _builder_version=&#8220;4.19.0&#8243; _module_preset=&#8220;default&#8220; custom_button=&#8220;on&#8220; button_text_color=&#8220;#FFFFFF&#8220; button_bg_color=&#8220;#003366&#8243; button_border_color=&#8220;#003366&#8243; button_border_radius=&#8220;4px&#8220; custom_margin=&#8220;-60px||||false|false&#8220; custom_padding=&#8220;||||false|false&#8220; global_colors_info=&#8220;{}&#8220;][\/et_pb_button][\/et_pb_column][et_pb_column type=&#8220;1_2&#8243; _builder_version=&#8220;4.18.0&#8243; _module_preset=&#8220;default&#8220; global_colors_info=&#8220;{}&#8220;][et_pb_text _builder_version=&#8220;4.19.0&#8243; _module_preset=&#8220;default&#8220; text_orientation=&#8220;center&#8220; global_colors_info=&#8220;{}&#8220;]<\/p>\n<h4>Tulip Inn ***<\/h4>\n<p><span>Buchen Sie hier Ihr Standardzimmer, Executive-Zimmer oder Familienzimmer.<\/span><\/p>\n<p>[\/et_pb_text][et_pb_image src=&#8220;https:\/\/goldengreenhotels.nl\/wp-content\/uploads\/2022\/10\/221021_Tulip-Inn-Standaard-kamer-Leiden-3.webp&#8220; title_text=&#8220;221021_Tulip Inn Standard Zimmer Leiden 3&#8243; url=&#8220;https:\/\/goldengreenhotels.nl\/de\/hotels\/tulip-inn-leiden\/&#8220; _builder_version=&#8220;4.18.0&#8243; _module_preset=&#8220;default&#8220; border_radii=&#8220;on|5px|5px|5px|5px&#8220; global_colors_info=&#8220;{}&#8220;][\/et_pb_image][et_pb_button button_url=&#8220;https:\/\/goldengreenhotels.nl\/de\/hotels\/tulip-inn-leiden\/&#8220; button_text=&#8220;Hotel ansehen&#8220; button_alignment=&#8220;center&#8220; admin_label=&#8220;Knop&#8220; _builder_version=&#8220;4.19.0&#8243; _module_preset=&#8220;default&#8220; custom_button=&#8220;on&#8220; button_bg_color=&#8220;#003366&#8243; button_border_color=&#8220;#003366&#8243; button_border_radius=&#8220;4px&#8220; custom_margin=&#8220;-60px||||false|false&#8220; custom_padding=&#8220;||||false|false&#8220; global_colors_info=&#8220;{}&#8220;][\/et_pb_button][\/et_pb_column][\/et_pb_row][et_pb_row column_structure=&#8220;1_2,1_2&#8243; _builder_version=&#8220;4.18.0&#8243; _module_preset=&#8220;default&#8220; global_colors_info=&#8220;{}&#8220;][et_pb_column type=&#8220;1_2&#8243; _builder_version=&#8220;4.18.0&#8243; _module_preset=&#8220;default&#8220; global_colors_info=&#8220;{}&#8220;][et_pb_text _builder_version=&#8220;4.19.0&#8243; _module_preset=&#8220;default&#8220; text_orientation=&#8220;center&#8220; global_colors_info=&#8220;{}&#8220;]<\/p>\n<h4>Hotel VIC<\/h4>\n<p>Buchen Sie Ihr VIC-Superior-Zimmer oder VIC-Deluxe-Zimmer hier.<\/p>\n<p>[\/et_pb_text][et_pb_image src=&#8220;https:\/\/goldengreenhotels.nl\/wp-content\/uploads\/2022\/10\/221021_VIC-22-edited-1.webp&#8220; title_text=&#8220;221021_VIC-22-edited&#8220; _builder_version=&#8220;4.18.0&#8243; _module_preset=&#8220;default&#8220; border_radii=&#8220;on|5px|5px|5px|5px&#8220; global_colors_info=&#8220;{}&#8220;]<\/p>\n<h4>Ho<\/h4>\n<p>[\/et_pb_image][et_pb_button button_url=&#8220;https:\/\/goldengreenhotels.nl\/de\/hotels\/hotel-vic\/&#8220; button_text=&#8220;Hotel ansehen&#8220; button_alignment=&#8220;center&#8220; _builder_version=&#8220;4.18.1&#8243; _module_preset=&#8220;default&#8220; custom_button=&#8220;on&#8220; button_bg_color=&#8220;#003366&#8243; button_border_color=&#8220;#003366&#8243; button_border_radius=&#8220;4px&#8220; custom_margin=&#8220;-60px||||false|false&#8220; custom_padding=&#8220;||||false|false&#8220; global_colors_info=&#8220;{}&#8220;][\/et_pb_button][\/et_pb_column][et_pb_column type=&#8220;1_2&#8243; _builder_version=&#8220;4.18.0&#8243; _module_preset=&#8220;default&#8220; global_colors_info=&#8220;{}&#8220;][et_pb_text _builder_version=&#8220;4.19.0&#8243; _module_preset=&#8220;default&#8220; text_orientation=&#8220;center&#8220; global_colors_info=&#8220;{}&#8220;]<\/p>\n<h4>ibis ***<\/h4>\n<p>Buchen Sie hier Ihr Einzelzimmer, Doppelzimmer, Dreibettzimmer oder Premium-Zimmer.<\/p>\n<p>[\/et_pb_text][et_pb_image src=&#8220;https:\/\/goldengreenhotels.nl\/wp-content\/uploads\/2022\/10\/221021_Ibis-Leiden-premium-15.webp&#8220; title_text=&#8220;221021_Ibis Leiden Pr\u00e4mie 15&#8243; url=&#8220;https:\/\/goldengreenhotels.nl\/de\/hotels\/ibis-leiden\/&#8220; _builder_version=&#8220;4.18.0&#8243; _module_preset=&#8220;default&#8220; border_radii=&#8220;on|5px|5px|5px|5px&#8220; global_colors_info=&#8220;{}&#8220;][\/et_pb_image][et_pb_button button_url=&#8220;https:\/\/goldengreenhotels.nl\/de\/hotels\/ibis-leiden\/&#8220; button_text=&#8220;Hotel ansehen&#8220; button_alignment=&#8220;center&#8220; _builder_version=&#8220;4.18.1&#8243; _module_preset=&#8220;default&#8220; custom_button=&#8220;on&#8220; button_bg_color=&#8220;#003366&#8243; button_border_color=&#8220;#003366&#8243; button_border_radius=&#8220;4px&#8220; custom_margin=&#8220;-60px||||false|false&#8220; custom_padding=&#8220;||||false|false&#8220; global_colors_info=&#8220;{}&#8220;][\/et_pb_button][\/et_pb_column][\/et_pb_row][\/et_pb_section]<\/p>\n","protected":false},"excerpt":{"rendered":"<p>Treffen Sie unsere Golden Green Hotels Alle Hotels Zimmer mit sch\u00f6nen Betten im Zentrum von Leiden. Hervorragender Service, Gastfreundschaft und pers\u00f6nliche Betreuung sind unsere Markenzeichen. Die wichtigsten St\u00e4dte der Randstad sind innerhalb einer halben Stunde mit dem Auto, dem Zug oder dem Bus zu erreichen. Golden Green Hotels besteht aus vier Hotels im Zentrum von [&hellip;]<\/p>\n","protected":false},"author":2,"featured_media":0,"parent":0,"menu_order":0,"comment_status":"closed","ping_status":"closed","template":"","meta":{"_et_pb_use_builder":"on","_et_pb_old_content":"","_et_gb_content_width":"","footnotes":""},"class_list":["post-2184","page","type-page","status-publish","hentry"],"_links":{"self":[{"href":"https:\/\/goldengreenhotels.nl\/de\/wp-json\/wp\/v2\/pages\/2184","targetHints":{"allow":["GET"]}}],"collection":[{"href":"https:\/\/goldengreenhotels.nl\/de\/wp-json\/wp\/v2\/pages"}],"about":[{"href":"https:\/\/goldengreenhotels.nl\/de\/wp-json\/wp\/v2\/types\/page"}],"author":[{"embeddable":true,"href":"https:\/\/goldengreenhotels.nl\/de\/wp-json\/wp\/v2\/users\/2"}],"replies":[{"embeddable":true,"href":"https:\/\/goldengreenhotels.nl\/de\/wp-json\/wp\/v2\/comments?post=2184"}],"version-history":[{"count":30,"href":"https:\/\/goldengreenhotels.nl\/de\/wp-json\/wp\/v2\/pages\/2184\/revisions"}],"predecessor-version":[{"id":6841,"href":"https:\/\/goldengreenhotels.nl\/de\/wp-json\/wp\/v2\/pages\/2184\/revisions\/6841"}],"wp:attachment":[{"href":"https:\/\/goldengreenhotels.nl\/de\/wp-json\/wp\/v2\/media?parent=2184"}],"curies":[{"name":"wp","href":"https:\/\/api.w.org\/{rel}","templated":true}]}}