{"id":2232,"date":"2022-10-21T08:17:39","date_gmt":"2022-10-21T06:17:39","guid":{"rendered":"https:\/\/goldengreenhotels.nl\/restaurant\/"},"modified":"2026-01-07T13:07:32","modified_gmt":"2026-01-07T12:07:32","slug":"restaurant","status":"publish","type":"page","link":"https:\/\/goldengreenhotels.nl\/de\/restaurant\/","title":{"rendered":"Restaurant"},"content":{"rendered":"<p>[et_pb_section fb_built=&#8220;1&#8243; _builder_version=&#8220;4.27.4&#8243; _module_preset=&#8220;default&#8220; background_image=&#8220;https:\/\/goldengreenhotels.nl\/wp-content\/uploads\/2025\/05\/Onze_menukaarten.webp&#8220; height=&#8220;600px&#8220; global_colors_info=&#8220;{}&#8220;][et_pb_row _builder_version=&#8220;4.27.4&#8243; _module_preset=&#8220;default&#8220; background_color=&#8220;rgba(10,10,10,0.36)&#8220; custom_margin=&#8220;100px||||false|false&#8220; animation_style=&#8220;slide&#8220; animation_direction=&#8220;bottom&#8220; global_colors_info=&#8220;{}&#8220;][et_pb_column type=&#8220;4_4&#8243; _builder_version=&#8220;4.18.0&#8243; _module_preset=&#8220;default&#8220; global_colors_info=&#8220;{}&#8220;][et_pb_text _builder_version=&#8220;4.19.2&#8243; _module_preset=&#8220;default&#8220; header_text_color=&#8220;#FFFFFF&#8220; text_orientation=&#8220;center&#8220; text_text_shadow_style=&#8220;preset1&#8243; global_colors_info=&#8220;{}&#8220;]<\/p>\n<h1>Genie\u00dfen Sie im Restaurant Rubens<\/h1>\n<p>[\/et_pb_text][\/et_pb_column][\/et_pb_row][\/et_pb_section][et_pb_section fb_built=&#8220;1&#8243; _builder_version=&#8220;4.18.0&#8243; _module_preset=&#8220;default&#8220; background_color=&#8220;#FFFFFF&#8220; global_colors_info=&#8220;{}&#8220;][et_pb_row _builder_version=&#8220;4.18.0&#8243; _module_preset=&#8220;default&#8220; global_colors_info=&#8220;{}&#8220;][et_pb_column type=&#8220;4_4&#8243; _builder_version=&#8220;4.18.0&#8243; _module_preset=&#8220;default&#8220; global_colors_info=&#8220;{}&#8220;][et_pb_text _builder_version=&#8220;4.27.4&#8243; _module_preset=&#8220;default&#8220; animation_style=&#8220;slide&#8220; animation_direction=&#8220;bottom&#8220; global_colors_info=&#8220;{}&#8220;]<\/p>\n<h1>Restaurant Rubens<\/h1>\n<p>Das Restaurant Rubens serviert Fr\u00fchst\u00fcck, Mittag- und Abendessen in einer stilvollen Atmosph\u00e4re.<\/p>\n<p>Unser K\u00fcchenchef arbeitet mit t\u00e4glich frischen Produkten und l\u00e4sst sich von der Saison inspirieren. Vom gemeinsamen Essen bis hin zu klassischen Gerichten mit einem modernen Twist &#8211; im Rubens dreht sich alles um Geschmack und Gastfreundschaft. <\/p>\n<p>Das Restaurant befindet sich schr\u00e4g gegen\u00fcber dem Hauptbahnhof Leiden und der Eingang zum Restaurant befindet sich im Hotel Golden Tulip Leiden. Dadurch ist das Restaurant leicht mit \u00f6ffentlichen Verkehrsmitteln, dem Fahrrad oder dem Auto zu erreichen. Nach dem Essen k\u00f6nnen Sie in unserer Rubens-Bar einen Snack und ein Getr\u00e4nk zu sich nehmen. Die Bar ist bis 01:00 Uhr ge\u00f6ffnet, und hier servieren wir eine Auswahl an Spezialbieren und Cocktails.<\/p>\n<p>Sie sind als Hotelgast willkommen, aber auch wenn Sie nicht \u00fcber Nacht bleiben. Kommen Sie herein und probieren Sie den Unterschied. <\/p>\n<p>[\/et_pb_text][\/et_pb_column][\/et_pb_row][\/et_pb_section][et_pb_section fb_built=&#8220;1&#8243; _builder_version=&#8220;4.18.1&#8243; _module_preset=&#8220;default&#8220; background_color=&#8220;#99CCCC&#8220; global_colors_info=&#8220;{}&#8220;][et_pb_row column_structure=&#8220;1_2,1_2&#8243; _builder_version=&#8220;4.18.0&#8243; _module_preset=&#8220;default&#8220; global_colors_info=&#8220;{}&#8220;][et_pb_column type=&#8220;1_2&#8243; _builder_version=&#8220;4.18.0&#8243; _module_preset=&#8220;default&#8220; global_colors_info=&#8220;{}&#8220;][et_pb_text _builder_version=&#8220;4.27.4&#8243; _module_preset=&#8220;default&#8220; text_orientation=&#8220;center&#8220; animation_style=&#8220;slide&#8220; animation_direction=&#8220;bottom&#8220; global_colors_info=&#8220;{}&#8220;]<\/p>\n<h4>Restaurant Rubens<\/h4>\n<p>[\/et_pb_text][et_pb_image src=&#8220;https:\/\/goldengreenhotels.nl\/wp-content\/uploads\/2025\/05\/Reserveren.webp&#8220; title_text=&#8220;Buchen&#8220; _builder_version=&#8220;4.27.4&#8243; _module_preset=&#8220;default&#8220; animation_style=&#8220;zoom&#8220; border_radii=&#8220;on|5px|5px|5px|5px&#8220; global_colors_info=&#8220;{}&#8220;][\/et_pb_image][et_pb_button button_url=&#8220;https:\/\/restaurantrubens.nl\/dinerkaart\/&#8220; url_new_window=&#8220;on&#8220; button_text=&#8220;Men\u00fc ansehen &amp; buchen&#8220; button_alignment=&#8220;center&#8220; _builder_version=&#8220;4.27.4&#8243; _module_preset=&#8220;default&#8220; custom_button=&#8220;on&#8220; button_bg_color=&#8220;#003366&#8243; button_border_color=&#8220;#003366&#8243; button_border_radius=&#8220;4px&#8220; custom_margin=&#8220;-60px||||false|false&#8220; custom_padding=&#8220;||||false|false&#8220; animation_style=&#8220;slide&#8220; animation_direction=&#8220;bottom&#8220; global_colors_info=&#8220;{}&#8220;][\/et_pb_button][\/et_pb_column][et_pb_column type=&#8220;1_2&#8243; _builder_version=&#8220;4.18.0&#8243; _module_preset=&#8220;default&#8220; global_colors_info=&#8220;{}&#8220;][et_pb_text _builder_version=&#8220;4.27.4&#8243; _module_preset=&#8220;default&#8220; text_orientation=&#8220;center&#8220; animation_style=&#8220;slide&#8220; animation_direction=&#8220;bottom&#8220; global_colors_info=&#8220;{}&#8220;]<\/p>\n<h4>Bar Rubens<\/h4>\n<p>[\/et_pb_text][et_pb_image src=&#8220;https:\/\/goldengreenhotels.nl\/wp-content\/uploads\/2025\/05\/header.webp&#8220; alt=&#8220;Bar&#8220; title_text=&#8220;Kopfzeile&#8220; _builder_version=&#8220;4.27.4&#8243; _module_preset=&#8220;default&#8220; animation_style=&#8220;zoom&#8220; border_radii=&#8220;on|5px|5px|5px|5px&#8220; global_colors_info=&#8220;{}&#8220;][\/et_pb_image][et_pb_button button_url=&#8220;https:\/\/restaurantrubens.nl\/lunchkaart\/&#8220; url_new_window=&#8220;on&#8220; button_text=&#8220;Mittagsmen\u00fc ansehen &amp; reservieren&#8220; button_alignment=&#8220;center&#8220; _builder_version=&#8220;4.27.4&#8243; _module_preset=&#8220;default&#8220; custom_button=&#8220;on&#8220; button_bg_color=&#8220;#003366&#8243; button_border_color=&#8220;#003366&#8243; button_border_radius=&#8220;4px&#8220; custom_margin=&#8220;-60px||||false|false&#8220; custom_padding=&#8220;||||false|false&#8220; animation_style=&#8220;slide&#8220; animation_direction=&#8220;bottom&#8220; global_colors_info=&#8220;{}&#8220;][\/et_pb_button][\/et_pb_column][\/et_pb_row][\/et_pb_section][et_pb_section fb_built=&#8220;1&#8243; _builder_version=&#8220;4.18.0&#8243; _module_preset=&#8220;default&#8220; background_color=&#8220;#FFFFFF&#8220; global_colors_info=&#8220;{}&#8220;][et_pb_row column_structure=&#8220;1_2,1_2&#8243; _builder_version=&#8220;4.18.0&#8243; _module_preset=&#8220;default&#8220; global_colors_info=&#8220;{}&#8220;][et_pb_column type=&#8220;1_2&#8243; _builder_version=&#8220;4.18.0&#8243; _module_preset=&#8220;default&#8220; global_colors_info=&#8220;{}&#8220;][et_pb_text _builder_version=&#8220;4.27.4&#8243; _module_preset=&#8220;default&#8220; animation_style=&#8220;slide&#8220; animation_direction=&#8220;bottom&#8220; global_colors_info=&#8220;{}&#8220;]<\/p>\n<h4>\u00d6ffnungszeiten Restaurant Rubens:<\/h4>\n<p><strong>Fr\u00fchst\u00fccksbuffet<\/strong><\/p>\n<p>MA &#8211; VR 07:00 bis 10:00<strong><br \/><\/strong>SE &#8211; SO 07:00 bis 11:00<\/p>\n<p><strong>Mittagessen<\/strong><br \/>von 12:00h bis 17:00h<\/p>\n<p><strong>Abendessen<\/strong><br \/>von 18:00h bis 21:30h<\/p>\n<p>Sonntags sind wir zum Fr\u00fchst\u00fcck und Mittagessen ge\u00f6ffnet. Zum Abendessen sind wir geschlossen.<\/p>\n<p>Bitte beachten Sie, dass Hunde im Restaurant Rubens nicht erlaubt sind. Ihr Hund ist jedoch in unserer Rubens Bar willkommen. <\/p>\n<p>&nbsp;<\/p>\n<p>[\/et_pb_text][\/et_pb_column][et_pb_column type=&#8220;1_2&#8243; _builder_version=&#8220;4.18.0&#8243; _module_preset=&#8220;default&#8220; global_colors_info=&#8220;{}&#8220;][et_pb_image src=&#8220;https:\/\/goldengreenhotels.nl\/wp-content\/uploads\/2022\/11\/DSC0999-klein.jpg&#8220; title_text=&#8220;_DSC0999 klein&#8220; _builder_version=&#8220;4.27.4&#8243; _module_preset=&#8220;default&#8220; animation_style=&#8220;slide&#8220; animation_direction=&#8220;bottom&#8220; border_radii=&#8220;on|5px|5px|5px|5px&#8220; global_colors_info=&#8220;{}&#8220;][\/et_pb_image][\/et_pb_column][\/et_pb_row][\/et_pb_section][et_pb_section fb_built=&#8220;1&#8243; _builder_version=&#8220;4.18.1&#8243; _module_preset=&#8220;default&#8220; background_color=&#8220;#99CCCC&#8220; global_colors_info=&#8220;{}&#8220;][et_pb_row column_structure=&#8220;1_2,1_2&#8243; _builder_version=&#8220;4.18.0&#8243; _module_preset=&#8220;default&#8220; global_colors_info=&#8220;{}&#8220;][et_pb_column type=&#8220;1_2&#8243; _builder_version=&#8220;4.18.0&#8243; _module_preset=&#8220;default&#8220; global_colors_info=&#8220;{}&#8220;][et_pb_image src=&#8220;https:\/\/goldengreenhotels.nl\/wp-content\/uploads\/2022\/11\/Lunchbuffet.webp&#8220; title_text=&#8220;Mittagsbuffet&#8220; _builder_version=&#8220;4.27.4&#8243; _module_preset=&#8220;default&#8220; animation_style=&#8220;slide&#8220; animation_direction=&#8220;bottom&#8220; border_radii=&#8220;on|5px|5px|5px|5px&#8220; global_colors_info=&#8220;{}&#8220;][\/et_pb_image][\/et_pb_column][et_pb_column type=&#8220;1_2&#8243; _builder_version=&#8220;4.18.0&#8243; _module_preset=&#8220;default&#8220; global_colors_info=&#8220;{}&#8220;][et_pb_text _builder_version=&#8220;4.27.4&#8243; _module_preset=&#8220;default&#8220; animation_style=&#8220;slide&#8220; animation_direction=&#8220;bottom&#8220; global_colors_info=&#8220;{}&#8220;]<\/p>\n<h4>Fr\u00fchst\u00fcck im Hotel<\/h4>\n<p>Das Fr\u00fchst\u00fccksbuffet ist f\u00fcr Hotelg\u00e4ste, aber auch f\u00fcr G\u00e4ste au\u00dferhalb des Hotels. Die Kosten hierf\u00fcr betragen 22,50 \u20ac pro Person und Tag. . Wenn Sie nicht in unserem Hotel \u00fcbernachten, melden Sie sich bitte an unserer Rezeption. F\u00fcr das Mittag- und Abendessen k\u00f6nnen G\u00e4ste aus dem Hotel und dar\u00fcber hinaus Reservierungen vornehmen.<\/p>\n<h4>Zimmerservice im Hotel<\/h4>\n<p>Das Restaurant Rubens ist Teil der Golden Green Hotels und befindet sich im Geb\u00e4ude des Golden Tulip Leiden Centre. Im Restaurant Rubens kann der Zimmerservice bestellt werden.<\/p>\n<p>[\/et_pb_text][\/et_pb_column][\/et_pb_row][\/et_pb_section][et_pb_section fb_built=&#8220;1&#8243; _builder_version=&#8220;4.27.4&#8243; _module_preset=&#8220;default&#8220; hover_enabled=&#8220;0&#8243; global_colors_info=&#8220;{}&#8220; disabled_on=&#8220;on|on|on&#8220; disabled=&#8220;on&#8220; sticky_enabled=&#8220;0&#8243;][et_pb_row column_structure=&#8220;1_2,1_2&#8243; _builder_version=&#8220;4.27.4&#8243; _module_preset=&#8220;default&#8220; global_colors_info=&#8220;{}&#8220;][et_pb_column type=&#8220;1_2&#8243; _builder_version=&#8220;4.27.4&#8243; _module_preset=&#8220;default&#8220; global_colors_info=&#8220;{}&#8220;][et_pb_heading title=&#8220;Ferien bei Rubens&#8220; _builder_version=&#8220;4.27.4&#8243; _module_preset=&#8220;default&#8220; global_colors_info=&#8220;{}&#8220;][\/et_pb_heading][et_pb_text _builder_version=&#8220;4.27.4&#8243; _module_preset=&#8220;default&#8220; global_colors_info=&#8220;{}&#8220;]<\/p>\n<p>Wir laden Sie herzlich zu unserem stimmungsvollen 3-G\u00e4nge-Weihnachtsdinner am ersten Weihnachtstag, dem 25. Dezember, voller kulinarischer \u00dcberraschungen und winterlicher Aromen ein. Lassen Sie sich von unserem Chefkoch verw\u00f6hnen und genie\u00dfen Sie einen unvergesslichen Abend in festlicher Atmosph\u00e4re. Das Men\u00fc kann f\u00fcr 59,50 \u20ac pro Person reserviert werden.  <\/p>\n<p>Buchen Sie f\u00fcr Weihnachten? Kontaktieren Sie uns unter<span style=\"color: #003366;\"> <a href=\"mailto:reservations@goldentulipleidencentre.nl\" style=\"color: #003366;\">reservations@goldentulipleidencentre.nl<\/a><\/span><\/p>\n<p>Sind Sie neugierig auf unsere Pauschalangebote mit \u00dcbernachtung? Sehen Sie sie <span style=\"color: #003366;\"><a href=\"https:\/\/goldengreenhotels.nl\/de\/arrangements\/\" style=\"color: #003366;\"><span style=\"text-decoration: underline;\">hier<\/span><\/a><\/span>.<\/p>\n<p>&nbsp;<\/p>\n<p>In der Silvesternacht ist das Restaurant Rubens bis 21:00 Uhr ge\u00f6ffnet. Unsere K\u00fcche wird um 20:30 Uhr geschlossen.<\/p>\n<p>Am Neujahrstag ist das Restaurant Rubens nach dem Fr\u00fchst\u00fcck geschlossen. Unsere Rubens Bar ist ge\u00f6ffnet und bietet eine begrenzte Speisekarte.<\/p>\n<p>[\/et_pb_text][\/et_pb_column][et_pb_column type=&#8220;1_2&#8243; _builder_version=&#8220;4.27.4&#8243; _module_preset=&#8220;default&#8220; global_colors_info=&#8220;{}&#8220;][et_pb_image src=&#8220;https:\/\/goldengreenhotels.nl\/wp-content\/uploads\/2025\/11\/Kerstmenu-2026-1.png&#8220; title_text=&#8220;Weihnachtsmen\u00fc 2026&#8243; _builder_version=&#8220;4.27.4&#8243; _module_preset=&#8220;default&#8220; global_colors_info=&#8220;{}&#8220;][\/et_pb_image][\/et_pb_column][\/et_pb_row][\/et_pb_section][et_pb_section fb_built=&#8220;1&#8243; _builder_version=&#8220;4.18.0&#8243; _module_preset=&#8220;default&#8220; global_colors_info=&#8220;{}&#8220;][et_pb_row column_structure=&#8220;1_2,1_2&#8243; _builder_version=&#8220;4.18.0&#8243; _module_preset=&#8220;default&#8220; global_colors_info=&#8220;{}&#8220;][et_pb_column type=&#8220;1_2&#8243; admin_label=&#8220;S\u00e4ule&#8220; _builder_version=&#8220;4.27.4&#8243; _module_preset=&#8220;default&#8220; animation_style=&#8220;slide&#8220; animation_direction=&#8220;bottom&#8220; global_colors_info=&#8220;{}&#8220;][et_pb_text _builder_version=&#8220;4.18.1&#8243; _module_preset=&#8220;default&#8220; global_colors_info=&#8220;{}&#8220;]<\/p>\n<h4>Erreichbarkeit<\/h4>\n<p>Das Restaurant Rubens befindet sich in der N\u00e4he des Hauptbahnhofs Leiden. Parken ist in der N\u00e4he des Restaurants m\u00f6glich. Stellen Sie dazu Ihr Navigationsger\u00e4t auf Anthony Fokkerweg ein. Die Parkgeb\u00fchr betr\u00e4gt 25 \u20ac pro Nacht.<\/p>\n<p>[\/et_pb_text][et_pb_button button_url=&#8220;https:\/\/goldengreenhotels.nl\/de\/leiden-entdecken\/&#8220; button_text=&#8220;Leiden bietet besonders unterhaltsame Aktivit\u00e4ten. Schauen Sie sich diese hier an!&#8220; button_alignment=&#8220;center&#8220; _builder_version=&#8220;4.19.1&#8243; _module_preset=&#8220;default&#8220; custom_button=&#8220;on&#8220; button_bg_color=&#8220;#003366&#8243; button_border_radius=&#8220;5px&#8220; global_colors_info=&#8220;{}&#8220;][\/et_pb_button][\/et_pb_column][et_pb_column type=&#8220;1_2&#8243; _builder_version=&#8220;4.18.0&#8243; _module_preset=&#8220;default&#8220; global_colors_info=&#8220;{}&#8220;][et_pb_code _builder_version=&#8220;4.27.4&#8243; _module_preset=&#8220;default&#8220; animation_style=&#8220;slide&#8220; animation_direction=&#8220;bottom&#8220; global_colors_info=&#8220;{}&#8220;]<iframe src=\"https:\/\/www.google.com\/maps\/embed?pb=!1m18!1m12!1m3!1d2447.202925074608!2d4.482927951808949!3d52.16700387964969!2m3!1f0!2f0!3f0!3m2!1i1024!2i768!4f13.1!3m3!1m2!1s0x47c5c6ebd49d40e9%3A0xcc9cc366b9aec10c!2sRestaurant%20Rubens!5e0!3m2!1snl!2snl!4v1669138656356!5m2!1snl!2snl\" width=\"600\" height=\"450\" style=\"border:0;\" allowfullscreen=\"\" loading=\"lazy\" referrerpolicy=\"no-referrer-when-downgrade\"><\/iframe>[\/et_pb_code][\/et_pb_column][\/et_pb_row][\/et_pb_section]<\/p>\n","protected":false},"excerpt":{"rendered":"<p>Genie\u00dfen Sie im Restaurant RubensRestaurant Rubens Das Restaurant Rubens serviert Fr\u00fchst\u00fcck, Mittag- und Abendessen in einer stilvollen Atmosph\u00e4re. Unser K\u00fcchenchef arbeitet mit t\u00e4glich frischen Produkten und l\u00e4sst sich von der Saison inspirieren. Vom gemeinsamen Essen bis hin zu klassischen Gerichten mit einem modernen Twist &#8211; im Rubens dreht sich alles um Geschmack und Gastfreundschaft. Das [&hellip;]<\/p>\n","protected":false},"author":2,"featured_media":0,"parent":0,"menu_order":0,"comment_status":"closed","ping_status":"closed","template":"","meta":{"_et_pb_use_builder":"on","_et_pb_old_content":"","_et_gb_content_width":"","footnotes":""},"class_list":["post-2232","page","type-page","status-publish","hentry"],"_links":{"self":[{"href":"https:\/\/goldengreenhotels.nl\/de\/wp-json\/wp\/v2\/pages\/2232","targetHints":{"allow":["GET"]}}],"collection":[{"href":"https:\/\/goldengreenhotels.nl\/de\/wp-json\/wp\/v2\/pages"}],"about":[{"href":"https:\/\/goldengreenhotels.nl\/de\/wp-json\/wp\/v2\/types\/page"}],"author":[{"embeddable":true,"href":"https:\/\/goldengreenhotels.nl\/de\/wp-json\/wp\/v2\/users\/2"}],"replies":[{"embeddable":true,"href":"https:\/\/goldengreenhotels.nl\/de\/wp-json\/wp\/v2\/comments?post=2232"}],"version-history":[{"count":41,"href":"https:\/\/goldengreenhotels.nl\/de\/wp-json\/wp\/v2\/pages\/2232\/revisions"}],"predecessor-version":[{"id":7635,"href":"https:\/\/goldengreenhotels.nl\/de\/wp-json\/wp\/v2\/pages\/2232\/revisions\/7635"}],"wp:attachment":[{"href":"https:\/\/goldengreenhotels.nl\/de\/wp-json\/wp\/v2\/media?parent=2232"}],"curies":[{"name":"wp","href":"https:\/\/api.w.org\/{rel}","templated":true}]}}