{"id":2266,"date":"2022-11-02T19:47:23","date_gmt":"2022-11-02T18:47:23","guid":{"rendered":"https:\/\/goldengreenhotels.nl\/datenschutzbestimmungen\/"},"modified":"2022-11-28T18:24:07","modified_gmt":"2022-11-28T18:24:07","slug":"datenschutzbestimmungen","status":"publish","type":"page","link":"https:\/\/goldengreenhotels.nl\/de\/datenschutzbestimmungen\/","title":{"rendered":"Datenschutzbestimmungen"},"content":{"rendered":"<p>[et_pb_section fb_built=&#8220;1&#8243; _builder_version=&#8220;4.19.1&#8243; _module_preset=&#8220;default&#8220; background_image=&#8220;https:\/\/goldengreenhotels.nl\/wp-content\/uploads\/2022\/11\/Rondvaart-3D-1.3.webp&#8220; height=&#8220;600px&#8220; global_colors_info=&#8220;{}&#8220;][et_pb_row _builder_version=&#8220;4.19.1&#8243; _module_preset=&#8220;default&#8220; hover_enabled=&#8220;0&#8243; global_colors_info=&#8220;{}&#8220; custom_margin=&#8220;100px||||false|false&#8220; sticky_enabled=&#8220;0&#8243;][et_pb_column type=&#8220;4_4&#8243; _builder_version=&#8220;4.18.0&#8243; _module_preset=&#8220;default&#8220; global_colors_info=&#8220;{}&#8220;][et_pb_text _builder_version=&#8220;4.18.1&#8243; _module_preset=&#8220;default&#8220; header_text_color=&#8220;#FFFFFF&#8220; text_orientation=&#8220;center&#8220; header_text_shadow_style=&#8220;preset1&#8243; global_colors_info=&#8220;{}&#8220;]<\/p>\n<h1>Datenschutzbestimmungen<\/h1>\n<p>[\/et_pb_text][\/et_pb_column][\/et_pb_row][\/et_pb_section][et_pb_section fb_built=&#8220;1&#8243; _builder_version=&#8220;4.18.0&#8243; _module_preset=&#8220;default&#8220; background_color=&#8220;#FFFFFF&#8220; global_colors_info=&#8220;{}&#8220;][et_pb_row _builder_version=&#8220;4.18.0&#8243; _module_preset=&#8220;default&#8220; background_color=&#8220;RGBA(255,255,255,0)&#8220; custom_margin=&#8220;-130px||||false|false&#8220; global_module=&#8220;295&#8243; global_colors_info=&#8220;{}&#8220;][et_pb_column type=&#8220;4_4&#8243; _builder_version=&#8220;4.18.0&#8243; _module_preset=&#8220;default&#8220; global_colors_info=&#8220;{}&#8220;][et_pb_code _builder_version=&#8220;4.19.1&#8243; _module_preset=&#8220;default&#8220; global_colors_info=&#8220;{}&#8220;]<script src=\"https:\/\/ajax.googleapis.com\/ajax\/libs\/jquery\/3.6.0\/jquery.min.js\"><\/script><!-- [et_pb_line_break_holder] --><script src=\"https:\/\/rawgit.com\/moment\/moment\/2.2.1\/min\/moment.min.js\"><\/script><!-- [et_pb_line_break_holder] --><\/p>\n<style><!-- [et_pb_line_break_holder] -->.hotel-form-card {<!-- [et_pb_line_break_holder] -->  border-radius: 4px;<!-- [et_pb_line_break_holder] -->  background-color: #fff;<!-- [et_pb_line_break_holder] -->  box-shadow: 2px 2px 10px rgb(0 0 0 \/ 29%);<!-- [et_pb_line_break_holder] -->  border: 1px solid #c9d4e4;<!-- [et_pb_line_break_holder] -->  padding: 20px;<!-- [et_pb_line_break_holder] -->  max-width: 1200px;<!-- [et_pb_line_break_holder] -->  margin: 20px auto;<!-- [et_pb_line_break_holder] -->}<!-- [et_pb_line_break_holder] --><!-- [et_pb_line_break_holder] -->@media only screen and (max-width: 1200px) {<!-- [et_pb_line_break_holder] -->  .hotel-form-card form {<!-- [et_pb_line_break_holder] -->    display: block;<!-- [et_pb_line_break_holder] -->  }<!-- [et_pb_line_break_holder] -->  .hotel-form-card form .form_group {<!-- [et_pb_line_break_holder] -->    display: block;<!-- [et_pb_line_break_holder] -->    width: 100%;<!-- [et_pb_line_break_holder] -->  }<!-- [et_pb_line_break_holder] -->  .form_group label {<!-- [et_pb_line_break_holder] -->\t\tdisplay: block;<!-- [et_pb_line_break_holder] -->  }<!-- [et_pb_line_break_holder] -->  .form_group input, select {<!-- [et_pb_line_break_holder] -->\t\tmargin-bottom: 15px;<!-- [et_pb_line_break_holder] -->\t\twidth: 100%;<!-- [et_pb_line_break_holder] -->  }<!-- [et_pb_line_break_holder] -->}<!-- [et_pb_line_break_holder] -->@media only screen and (min-width: 1200px) {<!-- [et_pb_line_break_holder] -->  .hotel-form-card form {<!-- [et_pb_line_break_holder] -->    display: flex;<!-- [et_pb_line_break_holder] -->  }<!-- [et_pb_line_break_holder] -->  .hotel-form-card form .form_group {<!-- [et_pb_line_break_holder] -->    display: flex;<!-- [et_pb_line_break_holder] -->    flex-direction: column;<!-- [et_pb_line_break_holder] -->    width: 25%;<!-- [et_pb_line_break_holder] -->  }<!-- [et_pb_line_break_holder] -->}<!-- [et_pb_line_break_holder] --><!-- [et_pb_line_break_holder] -->.hotel-form-card form .form_group {<!-- [et_pb_line_break_holder] -->  padding: 0px 10px;<!-- [et_pb_line_break_holder] -->}<!-- [et_pb_line_break_holder] -->.form_group label {<!-- [et_pb_line_break_holder] -->  font-size: 100%;<!-- [et_pb_line_break_holder] -->  font-weight: 700;<!-- [et_pb_line_break_holder] -->  color: #003366;<!-- [et_pb_line_break_holder] -->  margin-bottom: 8px;<!-- [et_pb_line_break_holder] -->}<!-- [et_pb_line_break_holder] -->.form_group input, select {<!-- [et_pb_line_break_holder] -->  background: #ffffff;<!-- [et_pb_line_break_holder] -->  border: 1px solid #003366;<!-- [et_pb_line_break_holder] -->  border-radius: 4px;<!-- [et_pb_line_break_holder] -->  padding: 10px;<!-- [et_pb_line_break_holder] -->  font-size: 14px;<!-- [et_pb_line_break_holder] -->  color: #003366;<!-- [et_pb_line_break_holder] -->  outline: none;<!-- [et_pb_line_break_holder] -->}<!-- [et_pb_line_break_holder] -->.hotel-form-card .btn_container {<!-- [et_pb_line_break_holder] -->  padding: 0px 10px;<!-- [et_pb_line_break_holder] -->  display: flex;<!-- [et_pb_line_break_holder] -->  align-self: flex-end;<!-- [et_pb_line_break_holder] -->}<!-- [et_pb_line_break_holder] -->.hotel-form-card .btn_container button {<!-- [et_pb_line_break_holder] -->  padding: 12px;<!-- [et_pb_line_break_holder] -->  font-size: 14px;<!-- [et_pb_line_break_holder] -->  color: #FFFFFF;<!-- [et_pb_line_break_holder] -->  background-color: #003366;<!-- [et_pb_line_break_holder] -->  border-radius: 4px;<!-- [et_pb_line_break_holder] -->  border: none;<!-- [et_pb_line_break_holder] -->  outline: none;<!-- [et_pb_line_break_holder] -->  cursor: pointer;<!-- [et_pb_line_break_holder] -->}<!-- [et_pb_line_break_holder] --><\/style>\n<p><!-- [et_pb_line_break_holder] --><!-- [et_pb_line_break_holder] --><\/p>\n<div class=\"hotel-form-card\"><!-- [et_pb_line_break_holder] -->  <\/p>\n<form><!-- [et_pb_line_break_holder] -->    <\/p>\n<div class=\"form_group\"><!-- [et_pb_line_break_holder] -->      <label>Aankomstdatum<\/label><!-- [et_pb_line_break_holder] -->      <input type=\"date\" name=\"aankomst\" id=\"arrivalDate\" onchange=\"checkArrivalDate()\" min=\"2022-10-21\"><!-- [et_pb_line_break_holder] -->    <\/div>\n<p><!-- [et_pb_line_break_holder] -->    <\/p>\n<div class=\"form_group\"><!-- [et_pb_line_break_holder] -->      <label>Vertrekdatum<\/label><!-- [et_pb_line_break_holder] -->      <input type=\"date\" name=\"vertrek\" id=\"departureDate\" onchange=\"checkDepartureDate()\" min=\"2022-10-22\"><!-- [et_pb_line_break_holder] -->    <\/div>\n<p><!-- [et_pb_line_break_holder] -->    <\/p>\n<div class=\"form_group\"><!-- [et_pb_line_break_holder] -->      <label>Aantal personen<\/label><!-- [et_pb_line_break_holder] -->      <select id=\"person\"><!-- [et_pb_line_break_holder] --><option value=\"1\" name=\"person\">1<\/option><!-- [et_pb_line_break_holder] --><option value=\"2\" name=\"person\">2<\/option><!-- [et_pb_line_break_holder] --><option value=\"3\" name=\"person\">3<\/option><!-- [et_pb_line_break_holder] --><option value=\"4\" name=\"person\">4<\/option><!-- [et_pb_line_break_holder] -->      <\/select><!-- [et_pb_line_break_holder] -->    <\/div>\n<p><!-- [et_pb_line_break_holder] -->    <\/p>\n<div class=\"form_group\"><!-- [et_pb_line_break_holder] -->      <label>Kies hotel <\/label><!-- [et_pb_line_break_holder] -->      <select id=\"hotel\"><!-- [et_pb_line_break_holder] --><option value=\"golden-tulip-leiden\">Golden Tulip Leiden<\/option><!-- [et_pb_line_break_holder] --><option value=\"tulip-inn-leiden\">Tulip Inn Leiden<\/option><!-- [et_pb_line_break_holder] --><option value=\"hotel-vic\">Hotel VIC<\/option><!-- [et_pb_line_break_holder] --><option value=\"ibis-leiden\">ibis Leiden<\/option><!-- [et_pb_line_break_holder] -->      <\/select><!-- [et_pb_line_break_holder] -->    <\/div>\n<p><!-- [et_pb_line_break_holder] -->    <\/p>\n<div class=\"btn_container\"><!-- [et_pb_line_break_holder] -->      <button type=\"button\" onclick=\"selectHotel()\">Boeken<\/button><!-- [et_pb_line_break_holder] -->    <\/div>\n<p><!-- [et_pb_line_break_holder] -->  <\/form>\n<p><!-- [et_pb_line_break_holder] --><\/div>\n<p><!-- [et_pb_line_break_holder] --><script><!-- [et_pb_line_break_holder] -->  var arrivalDate = document.getElementById(\"arrivalDate\");<!-- [et_pb_line_break_holder] -->  var toDate = document.getElementById(\"departureDate\");<!-- [et_pb_line_break_holder] -->  arrivalDate.setAttribute(\"min\", moment().format('YYYY-MM-DD'));<!-- [et_pb_line_break_holder] -->  toDate.setAttribute(\"min\", moment().add(1, 'day').format('YYYY-MM-DD'));<!-- [et_pb_line_break_holder] --><!-- [et_pb_line_break_holder] -->  function checkArrivalDate() {<!-- [et_pb_line_break_holder] -->    let arrivalDate = moment($('#arrivalDate').val())<!-- [et_pb_line_break_holder] -->    if (arrivalDate) {<!-- [et_pb_line_break_holder] -->      document.getElementById(\"departureDate\").value = moment(arrivalDate).add(1, 'day').format('YYYY-MM-DD')<!-- [et_pb_line_break_holder] -->      var toDate = document.getElementById(\"departureDate\");<!-- [et_pb_line_break_holder] -->      toDate.setAttribute(\"min\", moment(arrivalDate).add(1, 'day').format('YYYY-MM-DD'));<!-- [et_pb_line_break_holder] -->    } else {<!-- [et_pb_line_break_holder] -->      document.getElementById(\"departureDate\").value = null<!-- [et_pb_line_break_holder] -->    }<!-- [et_pb_line_break_holder] -->  }<!-- [et_pb_line_break_holder] --><!-- [et_pb_line_break_holder] -->  function checkDate() {<!-- [et_pb_line_break_holder] -->    let arrivalDate = moment($('#arrivalDate').val())<!-- [et_pb_line_break_holder] -->    if (arrivalDate) {<!-- [et_pb_line_break_holder] -->      let departureDate = moment($('#departureDate').val())<!-- [et_pb_line_break_holder] -->      console.log('departureDate: ', departureDate);<!-- [et_pb_line_break_holder] -->      if ((moment(arrivalDate)).diff(moment(departureDate), 'days') >= 0) {<!-- [et_pb_line_break_holder] -->        document.getElementById(\"departureDate\").value = null<!-- [et_pb_line_break_holder] -->                    \/\/ $('#departureDate').value = null<!-- [et_pb_line_break_holder] -->        alert(<!-- [et_pb_line_break_holder] -->                        'De vertrekdatum moet altijd minimaal 1 dag na de ingevoerde aankomstdatum liggen.'<!-- [et_pb_line_break_holder] -->        )<!-- [et_pb_line_break_holder] -->      }<!-- [et_pb_line_break_holder] -->    }<!-- [et_pb_line_break_holder] -->  }<!-- [et_pb_line_break_holder] --><!-- [et_pb_line_break_holder] -->  function selectHotel() {<!-- [et_pb_line_break_holder] -->    let arrivalDate = moment($('#arrivalDate').val())<!-- [et_pb_line_break_holder] -->    if (arrivalDate) {<!-- [et_pb_line_break_holder] -->      let departureDate = moment($('#departureDate').val())<!-- [et_pb_line_break_holder] -->      if (departureDate) {<!-- [et_pb_line_break_holder] -->        if ((moment(arrivalDate)).diff(moment(departureDate), 'days') >= 0) {<!-- [et_pb_line_break_holder] -->          alert('De vertrekdatum moet altijd minimaal 1 dag na de ingevoerde aankomstdatum liggen.')<!-- [et_pb_line_break_holder] -->        } else {<!-- [et_pb_line_break_holder] -->          let redirectUrl = null<!-- [et_pb_line_break_holder] -->          let hotelValue = $('#hotel').val()<!-- [et_pb_line_break_holder] -->          let noOfPeople = $('#person').val()<!-- [et_pb_line_break_holder] -->          let totalNights = (moment(departureDate)).diff(moment(arrivalDate), 'days')<!-- [et_pb_line_break_holder] -->          if (hotelValue && hotelValue === 'ibis-leiden') {<!-- [et_pb_line_break_holder] -->            redirectUrl = 'https:\/\/all.accor.com\/ssr\/app\/accor\/rates\/8087\/index.nl.shtml?dateIn=' +<!-- [et_pb_line_break_holder] -->            arrivalDate._i + '&nights=' + totalNights + '&compositions=' + noOfPeople +  '&stayplus=false&snu=false&accessibleRooms=false'<!-- [et_pb_line_break_holder] -->            window.open(redirectUrl)<!-- [et_pb_line_break_holder] -->          } else {<!-- [et_pb_line_break_holder] -->            redirectUrl = 'https:\/\/goldengreenhotels.nl\/hotels\/' + hotelValue + '\/boeken\/' +  '?product_search[adult_count]=' + noOfPeople + '&product_search[arrival]=' + arrivalDate._i + '&product_search[departure]=' + departureDate._i + '&product_search[nights]=' + totalNights<!-- [et_pb_line_break_holder] -->            top.location = redirectUrl<!-- [et_pb_line_break_holder] -->          }<!-- [et_pb_line_break_holder] -->        }<!-- [et_pb_line_break_holder] -->      } else {<!-- [et_pb_line_break_holder] -->        alert('Selecteer een vertrekdatum.');<!-- [et_pb_line_break_holder] -->      }<!-- [et_pb_line_break_holder] -->    } else {<!-- [et_pb_line_break_holder] -->      alert('Selecteer een aankomstdatum.');<!-- [et_pb_line_break_holder] -->    }<!-- [et_pb_line_break_holder] -->  }<!-- [et_pb_line_break_holder] --><!-- [et_pb_line_break_holder] -->  $(document).ready(function () {<!-- [et_pb_line_break_holder] -->    let now = new Date();<!-- [et_pb_line_break_holder] -->    let day = (\"0\" + now.getDate()).slice(-2);<!-- [et_pb_line_break_holder] -->    let month = (\"0\" + (now.getMonth() + 1)).slice(-2);<!-- [et_pb_line_break_holder] -->    let today = (day) + \"-\" + (month) + \"-\" + now.getFullYear();<!-- [et_pb_line_break_holder] --><!-- [et_pb_line_break_holder] -->    $('#datePicker').val(today);<!-- [et_pb_line_break_holder] -->    $('#datebtn').click(function () {<!-- [et_pb_line_break_holder] -->      testClicked();<!-- [et_pb_line_break_holder] -->    });<!-- [et_pb_line_break_holder] -->  });<!-- [et_pb_line_break_holder] -->  function testClicked() {<!-- [et_pb_line_break_holder] -->    $('.getDate').html($('#datePicker').val());<!-- [et_pb_line_break_holder] -->  }<!-- [et_pb_line_break_holder] --><\/script>[\/et_pb_code][\/et_pb_column][\/et_pb_row][\/et_pb_section][et_pb_section fb_built=&#8220;1&#8243; _builder_version=&#8220;4.18.0&#8243; _module_preset=&#8220;default&#8220; global_colors_info=&#8220;{}&#8220;][et_pb_row _builder_version=&#8220;4.18.0&#8243; _module_preset=&#8220;default&#8220; global_colors_info=&#8220;{}&#8220;][et_pb_column type=&#8220;4_4&#8243; _builder_version=&#8220;4.18.0&#8243; _module_preset=&#8220;default&#8220; global_colors_info=&#8220;{}&#8220;][et_pb_text _builder_version=&#8220;4.18.1&#8243; _module_preset=&#8220;default&#8220; global_colors_info=&#8220;{}&#8220;]<\/p>\n<p>Golden Green Hotels, Schipholweg 3 2316 XB Leiden, ist verantwortlich f\u00fcr die Verarbeitung personenbezogener Daten, wie in dieser Datenschutzerkl\u00e4rung beschrieben.<\/p>\n<p>Kontaktinformationen:<br \/>https:\/\/goldengreenhotels.nl<br \/>Schipholweg 3 2316 XB Leiden<br \/>+ 31 071 &#8211; 408 35 00<br \/>Sales@goldengreenhotels.nl<\/p>\n<p>Personenbezogene Daten, die wir verarbeiten<\/p>\n<p>Golden Green Hotels verarbeitet Ihre pers\u00f6nlichen Daten, weil Sie unsere Dienstleistungen in Anspruch nehmen und\/oder weil Sie sie uns selbst zur Verf\u00fcgung stellen. Nachstehend finden Sie einen \u00dcberblick \u00fcber die von uns verarbeiteten personenbezogenen Daten:<\/p>\n<p>&#8211; Vorname und Nachname<br \/>&#8211; Geschlecht<br \/>&#8211; Datum der Geburt<br \/>&#8211; Ort der Geburt<br \/>&#8211; Angaben zur Adresse<br \/>&#8211; Rufnummer<br \/>&#8211; E-Mail Adresse<br \/>&#8211; IP-Adresse<br \/>&#8211; Sonstige personenbezogene Daten, die Sie uns aktiv zur Verf\u00fcgung stellen, z. B. durch die Erstellung eines Profils auf dieser Website, im Schriftverkehr und per Telefon<br \/>&#8211; Details zum Standort<br \/>&#8211; Daten \u00fcber Ihre Aktivit\u00e4ten auf unserer Website<br \/>&#8211; Daten \u00fcber Ihr Surfverhalten auf verschiedenen Websites (z. B. weil dieses Unternehmen Teil eines Werbenetzwerks ist)<br \/>&#8211; Auflistung von Kundenkontaktdaten \u00fcber eine App<br \/>&#8211; Internet-Browser und Ger\u00e4tetyp<br \/>&#8211; Bankkontonummer<\/p>\n<p>Besondere und\/oder sensible personenbezogene Daten, die wir verarbeiten<br \/>Unsere Website und\/oder unser Dienst beabsichtigt nicht, Daten von Website-Besuchern zu sammeln, die unter 16 Jahre alt sind. Es sei denn, sie haben die Erlaubnis der Eltern oder Erziehungsberechtigten. Wir k\u00f6nnen jedoch nicht \u00fcberpr\u00fcfen, ob ein Besucher \u00fcber 16 Jahre alt ist. Wir empfehlen daher, die Eltern in die Online-Aktivit\u00e4ten ihrer Kinder einzubeziehen, um zu verhindern, dass Daten \u00fcber Kinder ohne elterliche Zustimmung gesammelt werden. Wenn Sie glauben, dass wir personenbezogene Daten \u00fcber einen Minderj\u00e4hrigen ohne eine solche Zustimmung gesammelt haben, wenden Sie sich bitte an sales@goldengreenhotels.nl, und wir werden diese Daten l\u00f6schen.<\/p>\n<p>Zu welchem Zweck und auf welcher Grundlage wir personenbezogene Daten verarbeiten<br \/>Golden Green Hotels verarbeitet Ihre personenbezogenen Daten f\u00fcr folgende Zwecke:<\/p>\n<p>&#8211; Abwicklung Ihrer Zahlung<br \/>&#8211; Zusendung unseres Newsletters und\/oder Werbeprospekts<br \/>&#8211; Sie anzurufen oder per E-Mail zu kontaktieren, wenn dies zur Erbringung unserer Dienstleistungen erforderlich ist<br \/>&#8211; Information \u00fcber \u00c4nderungen an unseren Dienstleistungen und Produkten<br \/>&#8211; Erm\u00f6glicht die Erstellung eines Kontos<br \/>&#8211; Um Ihnen Waren und Dienstleistungen zu liefern<br \/>&#8211; Golden Green Hotels analysiert Ihr Verhalten auf der Website, um die Website zu verbessern und das Angebot an Produkten und Dienstleistungen auf Ihre Pr\u00e4ferenzen zuzuschneiden.<br \/>&#8211; Golden Green Hotels verfolgt Ihre Surfgewohnheiten auf verschiedenen Websites, damit wir unsere Produkte und Dienstleistungen auf Ihre Bed\u00fcrfnisse abstimmen k\u00f6nnen.<br \/>&#8211; Golden Green Hotels verarbeitet auch personenbezogene Daten, wenn wir gesetzlich dazu verpflichtet sind, wie z. B. Daten, die wir f\u00fcr unsere Steuererkl\u00e4rung ben\u00f6tigen.<\/p>\n<p>Wie lange wir personenbezogene Daten aufbewahren<br \/>Wir bewahren Ihre personenbezogenen Daten nicht l\u00e4nger als n\u00f6tig auf, es sei denn, wir sind gesetzlich verpflichtet, Ihre personenbezogenen Daten l\u00e4nger aufzubewahren, oder Sie haben uns die Erlaubnis erteilt, Ihre Daten l\u00e4nger aufzubewahren. Im letzteren Fall haben Sie immer die M\u00f6glichkeit, Ihre Zustimmung zu widerrufen.<\/p>\n<p>Unser Grundsatz ist, dass wir personenbezogene Daten nur so lange aufbewahren, wie es notwendig ist, um Ihnen unsere Produkte und\/oder Dienstleistungen zur Verf\u00fcgung zu stellen. Danach werden wir Ihre personenbezogenen Daten l\u00f6schen, es sei denn, wir sind gesetzlich dazu verpflichtet.<\/p>\n<p>Weitergabe von personenbezogenen Daten an Dritte<br \/>Golden Green Hotels verkauft Ihre Daten nicht an Dritte und stellt sie nur dann zur Verf\u00fcgung, wenn dies f\u00fcr die Ausf\u00fchrung unserer Vereinbarung mit Ihnen oder zur Erf\u00fcllung einer gesetzlichen Verpflichtung erforderlich ist. Mit den Unternehmen, die Ihre Daten in unserem Auftrag verarbeiten, schlie\u00dfen wir einen Verarbeitungsvertrag ab, um das gleiche Ma\u00df an Sicherheit und Vertraulichkeit Ihrer Daten zu gew\u00e4hrleisten. Golden Green Hotels bleibt f\u00fcr diese Verarbeitungen verantwortlich.<\/p>\n<p>Cookies oder \u00e4hnliche Technologien, die wir verwenden<br \/>Golden Green Hotels verwendet funktionale, analytische und Tracking-Cookies. Ein Cookie ist eine kleine Textdatei, die im Browser Ihres Computers, Tablets oder Smartphones gespeichert wird, wenn Sie diese Website zum ersten Mal besuchen. Golden Green Hotels verwendet Cookies mit rein technischer Funktionalit\u00e4t. Diese sorgen daf\u00fcr, dass die Website ordnungsgem\u00e4\u00df funktioniert und z. B. Ihre Einstellungen gespeichert werden. Diese Cookies werden auch verwendet, um das Funktionieren der Website zu gew\u00e4hrleisten und sie zu optimieren. Wir setzen auch Cookies, die Ihr Surfverhalten verfolgen, damit wir Ihnen ma\u00dfgeschneiderte Inhalte und Werbung anbieten k\u00f6nnen. Bei Ihrem ersten Besuch auf unserer Website haben wir Sie bereits \u00fcber diese Cookies informiert und um Ihr Einverst\u00e4ndnis gebeten, sie zu setzen. Sie k\u00f6nnen die Verwendung von Cookies ablehnen, indem Sie Ihren Internet-Browser so einstellen, dass keine Cookies mehr gespeichert werden. Dar\u00fcber hinaus k\u00f6nnen Sie \u00fcber Ihre Browser-Einstellungen alle zuvor gespeicherten Informationen l\u00f6schen. F\u00fcr eine Erkl\u00e4rung siehe: https:\/\/veiliginternetten.nl\/themes\/situatie\/cookies-wat-zijn-het-en-wat-doe-ik-ermee\/<\/p>\n<p>Cookies werden auch von Dritten auf dieser Website gesetzt.<br \/>Dazu geh\u00f6ren Werbetreibende und\/oder die Unternehmen der sozialen Medien. Nachstehend finden Sie einen \u00dcberblick:<br \/>Cookie: Googly Analytics, Funktion: Analytisches Cookie, das den Website-Verkehr und das Verhalten misst, Aufbewahrungsfrist: 5 Jahre.<\/p>\n<p>Daten ansehen, \u00e4ndern oder l\u00f6schen<br \/>Sie haben das Recht auf Zugang, Berichtigung oder L\u00f6schung Ihrer personenbezogenen Daten. Sie haben auch das Recht, Ihre eventuelle Zustimmung zur Datenverarbeitung zu widerrufen oder der Verarbeitung Ihrer personenbezogenen Daten durch Golden Green Hotels zu widersprechen sowie das Recht auf Daten\u00fcbertragbarkeit. Das bedeutet, dass Sie uns auffordern k\u00f6nnen, die personenbezogenen Daten, die wir \u00fcber Sie in einer Computerdatei gespeichert haben, an Sie oder eine andere von Ihnen benannte Organisation zu senden. Sie k\u00f6nnen einen Antrag auf Zugang, Berichtigung, L\u00f6schung oder \u00dcbertragung Ihrer personenbezogenen Daten oder auf Widerruf Ihrer Einwilligung oder Widerspruch gegen die Verarbeitung Ihrer personenbezogenen Daten an d.tuin@goldentulipleidencentre.nl richten. Um sicherzustellen, dass der Antrag auf Zugang von Ihnen gestellt wurde, f\u00fcgen Sie dem Antrag bitte eine Kopie Ihres Identit\u00e4tsnachweises bei. Achten Sie bitte darauf, dass Ihr Passfoto, die MRZ (maschinenlesbare Zone), die Passnummer und die B\u00fcrgerservicenummer (BSN) in dieser Kopie schwarz sind. Dies dient dem Schutz Ihrer Privatsph\u00e4re. Wir werden Ihre Anfrage so schnell wie m\u00f6glich, jedoch innerhalb von vier Wochen beantworten. Golden Green Hotels m\u00f6chte Sie auch dar\u00fcber informieren, dass Sie die M\u00f6glichkeit haben, eine Beschwerde bei der nationalen Aufsichtsbeh\u00f6rde, der Beh\u00f6rde f\u00fcr personenbezogene Daten, einzureichen. Sie k\u00f6nnen dies \u00fcber den folgenden Link tun: https:\/\/autoriteitpersoonsgegevens.nl\/nl\/contact-met-de-autoriteit-persoonsgegevens\/tip-ons<\/p>\n<p>Wie wir personenbezogene Daten sch\u00fctzen<br \/>Golden Green Hotels nimmt den Schutz Ihrer Daten ernst und ergreift geeignete Ma\u00dfnahmen, um Missbrauch, Verlust, unbefugtem Zugriff, unerw\u00fcnschter Offenlegung und unbefugter \u00c4nderung entgegenzuwirken. Wenn Sie den Eindruck haben, dass Ihre Daten nicht ordnungsgem\u00e4\u00df gesichert sind oder es Hinweise auf einen Missbrauch gibt, wenden Sie sich bitte an unseren Kundendienst oder an sales@goldengreenhotels.nl.<\/p>\n<p>[\/et_pb_text][\/et_pb_column][\/et_pb_row][\/et_pb_section]<\/p>\n","protected":false},"excerpt":{"rendered":"<p>DatenschutzbestimmungenGolden Green Hotels, Schipholweg 3 2316 XB Leiden, ist verantwortlich f\u00fcr die Verarbeitung personenbezogener Daten, wie in dieser Datenschutzerkl\u00e4rung beschrieben. Kontaktinformationen:https:\/\/goldengreenhotels.nlSchipholweg 3 2316 XB Leiden+ 31 071 &#8211; 408 35 00Sales@goldengreenhotels.nl Personenbezogene Daten, die wir verarbeiten Golden Green Hotels verarbeitet Ihre pers\u00f6nlichen Daten, weil Sie unsere Dienstleistungen in Anspruch nehmen und\/oder weil Sie sie uns [&hellip;]<\/p>\n","protected":false},"author":2,"featured_media":0,"parent":0,"menu_order":0,"comment_status":"closed","ping_status":"closed","template":"","meta":{"_et_pb_use_builder":"on","_et_pb_old_content":"","_et_gb_content_width":"","footnotes":""},"class_list":["post-2266","page","type-page","status-publish","hentry"],"_links":{"self":[{"href":"https:\/\/goldengreenhotels.nl\/de\/wp-json\/wp\/v2\/pages\/2266","targetHints":{"allow":["GET"]}}],"collection":[{"href":"https:\/\/goldengreenhotels.nl\/de\/wp-json\/wp\/v2\/pages"}],"about":[{"href":"https:\/\/goldengreenhotels.nl\/de\/wp-json\/wp\/v2\/types\/page"}],"author":[{"embeddable":true,"href":"https:\/\/goldengreenhotels.nl\/de\/wp-json\/wp\/v2\/users\/2"}],"replies":[{"embeddable":true,"href":"https:\/\/goldengreenhotels.nl\/de\/wp-json\/wp\/v2\/comments?post=2266"}],"version-history":[{"count":2,"href":"https:\/\/goldengreenhotels.nl\/de\/wp-json\/wp\/v2\/pages\/2266\/revisions"}],"predecessor-version":[{"id":2289,"href":"https:\/\/goldengreenhotels.nl\/de\/wp-json\/wp\/v2\/pages\/2266\/revisions\/2289"}],"wp:attachment":[{"href":"https:\/\/goldengreenhotels.nl\/de\/wp-json\/wp\/v2\/media?parent=2266"}],"curies":[{"name":"wp","href":"https:\/\/api.w.org\/{rel}","templated":true}]}}