{"id":2269,"date":"2022-10-21T08:20:31","date_gmt":"2022-10-21T06:20:31","guid":{"rendered":"https:\/\/goldengreenhotels.nl\/arrangements\/"},"modified":"2023-01-09T11:08:35","modified_gmt":"2023-01-09T10:08:35","slug":"arrangements","status":"publish","type":"page","link":"https:\/\/goldengreenhotels.nl\/de\/arrangements\/","title":{"rendered":"Arrangements"},"content":{"rendered":"<p>[et_pb_section fb_built=&#8220;1&#8243; _builder_version=&#8220;4.19.1&#8243; _module_preset=&#8220;default&#8220; background_image=&#8220;https:\/\/goldengreenhotels.nl\/wp-content\/uploads\/2022\/11\/Header_arrangement.webp&#8220; height=&#8220;600px&#8220; hover_enabled=&#8220;0&#8243; global_colors_info=&#8220;{}&#8220; sticky_enabled=&#8220;0&#8243;][et_pb_row _builder_version=&#8220;4.19.1&#8243; _module_preset=&#8220;default&#8220; custom_margin=&#8220;100px||||false|false&#8220; global_colors_info=&#8220;{}&#8220;][et_pb_column type=&#8220;4_4&#8243; _builder_version=&#8220;4.18.0&#8243; _module_preset=&#8220;default&#8220; global_colors_info=&#8220;{}&#8220;][et_pb_text _builder_version=&#8220;4.19.2&#8243; _module_preset=&#8220;default&#8220; header_text_color=&#8220;#FFFFFF&#8220; text_orientation=&#8220;center&#8220; text_text_shadow_style=&#8220;preset1&#8243; global_colors_info=&#8220;{}&#8220;]<\/p>\n<h1>Genie\u00dfen Sie die Golden Green Hotels-Pakete<\/h1>\n<p>[\/et_pb_text][\/et_pb_column][\/et_pb_row][\/et_pb_section][et_pb_section fb_built=&#8220;1&#8243; _builder_version=&#8220;4.18.0&#8243; _module_preset=&#8220;default&#8220; background_color=&#8220;#FFFFFF&#8220; global_colors_info=&#8220;{}&#8220;][et_pb_row _builder_version=&#8220;4.18.0&#8243; _module_preset=&#8220;default&#8220; global_colors_info=&#8220;{}&#8220;][et_pb_column type=&#8220;4_4&#8243; _builder_version=&#8220;4.18.0&#8243; _module_preset=&#8220;default&#8220; global_colors_info=&#8220;{}&#8220;][et_pb_text _builder_version=&#8220;4.19.1&#8243; _module_preset=&#8220;default&#8220; global_colors_info=&#8220;{}&#8220;]<\/p>\n<h1>Arrangements<\/h1>\n<p>Genie\u00dfen Sie die \u00fcberraschenden Angebote der Golden Green Hotels. F\u00fcr Jung und Alt, von der Kreuzfahrt bis zum Abendessen. Entdecken Sie das sch\u00f6ne Leiden, entspannen Sie sich und profitieren Sie von exklusiven Angeboten!<\/p>\n<p>[\/et_pb_text][\/et_pb_column][\/et_pb_row][\/et_pb_section][et_pb_section fb_built=&#8220;1&#8243; _builder_version=&#8220;4.18.0&#8243; _module_preset=&#8220;default&#8220; background_color=&#8220;#FFFFFF&#8220; global_colors_info=&#8220;{}&#8220;][et_pb_row _builder_version=&#8220;4.18.0&#8243; _module_preset=&#8220;default&#8220; global_colors_info=&#8220;{}&#8220;][et_pb_column type=&#8220;4_4&#8243; _builder_version=&#8220;4.18.0&#8243; _module_preset=&#8220;default&#8220; global_colors_info=&#8220;{}&#8220;][et_pb_blog fullwidth=&#8220;off&#8220; post_type=&#8220;project&#8220; excerpt_length=&#8220;100&#8243; show_author=&#8220;off&#8220; show_date=&#8220;off&#8220; show_categories=&#8220;off&#8220; show_excerpt=&#8220;off&#8220; _builder_version=&#8220;4.19.1&#8243; _module_preset=&#8220;default&#8220; border_radii=&#8220;on|5px|5px|5px|5px&#8220; border_width_all=&#8220;3px&#8220; border_color_all=&#8220;#003366&#8243; global_colors_info=&#8220;{}&#8220;][\/et_pb_blog][\/et_pb_column][\/et_pb_row][\/et_pb_section]<\/p>\n","protected":false},"excerpt":{"rendered":"<p>Genie\u00dfen Sie die Golden Green Hotels-PaketeArrangements Genie\u00dfen Sie die \u00fcberraschenden Angebote der Golden Green Hotels. F\u00fcr Jung und Alt, von der Kreuzfahrt bis zum Abendessen. Entdecken Sie das sch\u00f6ne Leiden, entspannen Sie sich und profitieren Sie von exklusiven Angeboten!<\/p>\n","protected":false},"author":2,"featured_media":0,"parent":0,"menu_order":0,"comment_status":"closed","ping_status":"closed","template":"","meta":{"_et_pb_use_builder":"on","_et_pb_old_content":"","_et_gb_content_width":"","footnotes":""},"class_list":["post-2269","page","type-page","status-publish","hentry"],"_links":{"self":[{"href":"https:\/\/goldengreenhotels.nl\/de\/wp-json\/wp\/v2\/pages\/2269","targetHints":{"allow":["GET"]}}],"collection":[{"href":"https:\/\/goldengreenhotels.nl\/de\/wp-json\/wp\/v2\/pages"}],"about":[{"href":"https:\/\/goldengreenhotels.nl\/de\/wp-json\/wp\/v2\/types\/page"}],"author":[{"embeddable":true,"href":"https:\/\/goldengreenhotels.nl\/de\/wp-json\/wp\/v2\/users\/2"}],"replies":[{"embeddable":true,"href":"https:\/\/goldengreenhotels.nl\/de\/wp-json\/wp\/v2\/comments?post=2269"}],"version-history":[{"count":5,"href":"https:\/\/goldengreenhotels.nl\/de\/wp-json\/wp\/v2\/pages\/2269\/revisions"}],"predecessor-version":[{"id":4470,"href":"https:\/\/goldengreenhotels.nl\/de\/wp-json\/wp\/v2\/pages\/2269\/revisions\/4470"}],"wp:attachment":[{"href":"https:\/\/goldengreenhotels.nl\/de\/wp-json\/wp\/v2\/media?parent=2269"}],"curies":[{"name":"wp","href":"https:\/\/api.w.org\/{rel}","templated":true}]}}