{"id":2338,"date":"2022-11-02T19:53:21","date_gmt":"2022-11-02T18:53:21","guid":{"rendered":"https:\/\/goldengreenhotels.nl\/gruener-schluessel\/"},"modified":"2025-05-07T20:45:03","modified_gmt":"2025-05-07T18:45:03","slug":"gruener-schluessel","status":"publish","type":"page","link":"https:\/\/goldengreenhotels.nl\/de\/gruener-schluessel\/","title":{"rendered":"Gr\u00fcner Schl\u00fcssel"},"content":{"rendered":"<p>[et_pb_section fb_built=&#8220;1&#8243; _builder_version=&#8220;4.19.1&#8243; _module_preset=&#8220;default&#8220; background_image=&#8220;https:\/\/goldengreenhotels.nl\/wp-content\/uploads\/2022\/11\/Slider_220802-615-LR-versie-B-sRGB.webp&#8220; height=&#8220;600px&#8220; global_colors_info=&#8220;{}&#8220;][et_pb_row _builder_version=&#8220;4.19.1&#8243; _module_preset=&#8220;default&#8220; custom_margin=&#8220;100px||||false|false&#8220; global_colors_info=&#8220;{}&#8220;][et_pb_column type=&#8220;4_4&#8243; _builder_version=&#8220;4.18.0&#8243; _module_preset=&#8220;default&#8220; global_colors_info=&#8220;{}&#8220;][et_pb_text _builder_version=&#8220;4.27.4&#8243; _module_preset=&#8220;default&#8220; header_text_color=&#8220;#FFFFFF&#8220; text_orientation=&#8220;center&#8220; hover_enabled=&#8220;0&#8243; header_text_shadow_style=&#8220;preset1&#8243; global_colors_info=&#8220;{}&#8220; animation_style=&#8220;slide&#8220; animation_direction=&#8220;bottom&#8220; sticky_enabled=&#8220;0&#8243;]<\/p>\n<h1>Gr\u00fcner Schl\u00fcssel Golden Green Hotels<\/h1>\n<p>[\/et_pb_text][\/et_pb_column][\/et_pb_row][\/et_pb_section][et_pb_section fb_built=&#8220;1&#8243; _builder_version=&#8220;4.18.0&#8243; _module_preset=&#8220;default&#8220; background_color=&#8220;#FFFFFF&#8220; global_colors_info=&#8220;{}&#8220;][et_pb_row _builder_version=&#8220;4.27.4&#8243; _module_preset=&#8220;default&#8220; background_color=&#8220;RGBA(255,255,255,0)&#8220; custom_margin=&#8220;-130px||||false|false&#8220; animation_style=&#8220;slide&#8220; animation_direction=&#8220;bottom&#8220; hover_enabled=&#8220;0&#8243; global_module=&#8220;295&#8243; global_colors_info=&#8220;{}&#8220; sticky_enabled=&#8220;0&#8243;][et_pb_column type=&#8220;4_4&#8243; admin_label=&#8220;S\u00e4ule&#8220; _builder_version=&#8220;4.27.4&#8243; _module_preset=&#8220;default&#8220; animation_style=&#8220;slide&#8220; animation_direction=&#8220;bottom&#8220; global_colors_info=&#8220;{}&#8220;][et_pb_code _builder_version=&#8220;4.27.2&#8243; _module_preset=&#8220;default&#8220; global_colors_info=&#8220;{}&#8220;][\/et_pb_code][et_pb_code _builder_version=&#8220;4.27.4&#8243; _module_preset=&#8220;default&#8220; animation_direction=&#8220;bottom&#8220; hover_enabled=&#8220;0&#8243; global_colors_info=&#8220;{}&#8220; sticky_enabled=&#8220;0&#8243;]<script src=\"https:\/\/ajax.googleapis.com\/ajax\/libs\/jquery\/3.6.0\/jquery.min.js\"><\/script><!-- [et_pb_line_break_holder] --><script src=\"https:\/\/rawgit.com\/moment\/moment\/2.2.1\/min\/moment.min.js\"><\/script><!-- [et_pb_line_break_holder] --><\/pee><!-- [et_pb_line_break_holder] --><\/p>\n<style><!-- [et_pb_line_break_holder] -->.hotel-form-card {<!-- [et_pb_line_break_holder] -->border-radius: 4px;<!-- [et_pb_line_break_holder] -->background-color: #fff;<!-- [et_pb_line_break_holder] -->box-shadow: 2px 2px 10px rgb(0 0 0 \/ 29%);<!-- [et_pb_line_break_holder] -->border: 1px solid #c9d4e4;<!-- [et_pb_line_break_holder] -->padding: 20px;<!-- [et_pb_line_break_holder] -->max-width: 1200px;<!-- [et_pb_line_break_holder] -->margin: 20px auto;<!-- [et_pb_line_break_holder] -->}<!-- [et_pb_line_break_holder] --><!-- [et_pb_line_break_holder] -->@media only screen and (max-width: 1200px) {<!-- [et_pb_line_break_holder] -->.hotel-form-card form {<!-- [et_pb_line_break_holder] -->display: block;<!-- [et_pb_line_break_holder] -->}<!-- [et_pb_line_break_holder] -->.hotel-form-card form .form_group {<!-- [et_pb_line_break_holder] -->display: block;<!-- [et_pb_line_break_holder] -->width: 100%;<!-- [et_pb_line_break_holder] -->}<!-- [et_pb_line_break_holder] -->.form_group label {<!-- [et_pb_line_break_holder] -->display: block;<!-- [et_pb_line_break_holder] -->}<!-- [et_pb_line_break_holder] -->.form_group input, select {<!-- [et_pb_line_break_holder] -->margin-bottom: 15px;<!-- [et_pb_line_break_holder] -->width: 100%;<!-- [et_pb_line_break_holder] -->}<!-- [et_pb_line_break_holder] -->}<!-- [et_pb_line_break_holder] -->@media only screen and (min-width: 1200px) {<!-- [et_pb_line_break_holder] -->.hotel-form-card form {<!-- [et_pb_line_break_holder] -->display: flex;<!-- [et_pb_line_break_holder] -->}<!-- [et_pb_line_break_holder] -->.hotel-form-card form .form_group {<!-- [et_pb_line_break_holder] -->display: flex;<!-- [et_pb_line_break_holder] -->flex-direction: column;<!-- [et_pb_line_break_holder] -->width: 25%;<!-- [et_pb_line_break_holder] -->}<!-- [et_pb_line_break_holder] -->}<!-- [et_pb_line_break_holder] --><!-- [et_pb_line_break_holder] -->.hotel-form-card form .form_group {<!-- [et_pb_line_break_holder] -->padding: 0px 10px;<!-- [et_pb_line_break_holder] -->}<!-- [et_pb_line_break_holder] -->.form_group label {<!-- [et_pb_line_break_holder] -->font-size: 100%;<!-- [et_pb_line_break_holder] -->font-weight: 700;<!-- [et_pb_line_break_holder] -->color: #003366;<!-- [et_pb_line_break_holder] -->margin-bottom: 8px;<!-- [et_pb_line_break_holder] -->}<!-- [et_pb_line_break_holder] -->.form_group input, select {<!-- [et_pb_line_break_holder] -->background: #ffffff;<!-- [et_pb_line_break_holder] -->border: 1px solid #003366;<!-- [et_pb_line_break_holder] -->border-radius: 4px;<!-- [et_pb_line_break_holder] -->padding: 10px;<!-- [et_pb_line_break_holder] -->font-size: 14px;<!-- [et_pb_line_break_holder] -->color: #003366;<!-- [et_pb_line_break_holder] -->outline: none;<!-- [et_pb_line_break_holder] -->}<!-- [et_pb_line_break_holder] -->.hotel-form-card .btn_container {<!-- [et_pb_line_break_holder] -->padding: 0px 10px;<!-- [et_pb_line_break_holder] -->display: flex;<!-- [et_pb_line_break_holder] -->align-self: flex-end;<!-- [et_pb_line_break_holder] -->}<!-- [et_pb_line_break_holder] -->.hotel-form-card .btn_container button {<!-- [et_pb_line_break_holder] -->padding: 12px;<!-- [et_pb_line_break_holder] -->font-size: 14px;<!-- [et_pb_line_break_holder] -->color: #FFFFFF;<!-- [et_pb_line_break_holder] -->background-color: #003366;<!-- [et_pb_line_break_holder] -->border-radius: 4px;<!-- [et_pb_line_break_holder] -->border: none;<!-- [et_pb_line_break_holder] -->outline: none;<!-- [et_pb_line_break_holder] -->cursor: pointer;<!-- [et_pb_line_break_holder] -->}<!-- [et_pb_line_break_holder] --><\/style>\n<p><!-- [et_pb_line_break_holder] --><pee><!-- [et_pb_line_break_holder] --><!-- [et_pb_line_break_holder] --><\/pee><!-- [et_pb_line_break_holder] --><\/p>\n<div class=\"hotel-form-card\"><!-- [et_pb_line_break_holder] -->  <\/pee><!-- [et_pb_line_break_holder] --><\/p>\n<form><!-- [et_pb_line_break_holder] -->    <\/pee><!-- [et_pb_line_break_holder] --><\/p>\n<div class=\"form_group\"><!-- [et_pb_line_break_holder] -->      <label>Ankunft<\/label><!-- [et_pb_line_break_holder] -->      <input type=\"date\" name=\"aankomst\" id=\"arrivalDate\" onchange=\"checkArrivalDate()\" min=\"2022-10-21\"><!-- [et_pb_line_break_holder] -->    <\/div>\n<p><!-- [et_pb_line_break_holder] --><pee><!-- [et_pb_line_break_holder] -->    <\/pee><!-- [et_pb_line_break_holder] --><\/p>\n<div class=\"form_group\"><!-- [et_pb_line_break_holder] -->      <label>Abreise<\/label><!-- [et_pb_line_break_holder] -->      <input type=\"date\" name=\"vertrek\" id=\"departureDate\" onchange=\"checkDepartureDate()\" min=\"2022-10-22\"><!-- [et_pb_line_break_holder] -->    <\/div>\n<p><!-- [et_pb_line_break_holder] --><pee><!-- [et_pb_line_break_holder] -->    <\/pee><!-- [et_pb_line_break_holder] --><\/p>\n<div class=\"form_group\"><!-- [et_pb_line_break_holder] -->      <label>Anzahl der Personen<\/label><!-- [et_pb_line_break_holder] -->      <select id=\"person\"><!-- [et_pb_line_break_holder] --><option value=\"1\" name=\"person\">1<\/option><!-- [et_pb_line_break_holder] --><option value=\"2\" name=\"person\">2<\/option><!-- [et_pb_line_break_holder] --><option value=\"3\" name=\"person\">3<\/option><!-- [et_pb_line_break_holder] --><option value=\"4\" name=\"person\">4<\/option><!-- [et_pb_line_break_holder] -->      <\/select><!-- [et_pb_line_break_holder] -->    <\/div>\n<p><!-- [et_pb_line_break_holder] --><pee><!-- [et_pb_line_break_holder] -->    <\/pee><!-- [et_pb_line_break_holder] --><\/p>\n<div class=\"form_group\"><!-- [et_pb_line_break_holder] -->      <label>Hotel w\u00e4hlen  <\/label><!-- [et_pb_line_break_holder] -->      <select id=\"hotel\"><!-- [et_pb_line_break_holder] --><option value=\"golden-tulip-leiden\">Golden Tulip Leiden<\/option><!-- [et_pb_line_break_holder] --><option value=\"tulip-inn-leiden\">Tulip Inn Leiden<\/option><!-- [et_pb_line_break_holder] --><option value=\"hotel-vic\">Hotel VIC<\/option><!-- [et_pb_line_break_holder] --><option value=\"ibis-leiden\">ibis Leiden<\/option><!-- [et_pb_line_break_holder] -->      <\/select><!-- [et_pb_line_break_holder] -->    <\/div>\n<p><!-- [et_pb_line_break_holder] --><pee><!-- [et_pb_line_break_holder] -->    <\/pee><!-- [et_pb_line_break_holder] --><\/p>\n<div class=\"btn_container\"><!-- [et_pb_line_break_holder] -->      <button type=\"button\" onclick=\"selectHotel()\">Buchen Sie<\/button><!-- [et_pb_line_break_holder] -->    <\/div>\n<p><!-- [et_pb_line_break_holder] --><pee><!-- [et_pb_line_break_holder] -->  <\/form>\n<p><!-- [et_pb_line_break_holder] --><\/pee><pee><!-- [et_pb_line_break_holder] --><\/div>\n<p><!-- [et_pb_line_break_holder] --><\/pee><pee><!-- [et_pb_line_break_holder] --><!-- [et_pb_line_break_holder] --><script><!-- [et_pb_line_break_holder] -->var arrivalDate = document.getElementById(\"arrivalDate\");<!-- [et_pb_line_break_holder] -->var toDate = document.getElementById(\"departureDate\");<!-- [et_pb_line_break_holder] -->arrivalDate.setAttribute(\"min\", moment().format(\"YYYY-MM-DD\"));<!-- [et_pb_line_break_holder] -->toDate.setAttribute(\"min\", moment().add(1, \"day\").format(\"YYYY-MM-DD\"));<!-- [et_pb_line_break_holder] --><!-- [et_pb_line_break_holder] -->function checkArrivalDate() {<!-- [et_pb_line_break_holder] -->  let arrivalDateVal = moment($(\"#arrivalDate\").val());<!-- [et_pb_line_break_holder] -->  if (arrivalDateVal) {<!-- [et_pb_line_break_holder] -->    let departureDate = moment(arrivalDateVal).add(1, \"day\").format(\"YYYY-MM-DD\");<!-- [et_pb_line_break_holder] -->    $(\"#departureDate\").val(departureDate);<!-- [et_pb_line_break_holder] -->    $(\"#departureDate\").attr(\"min\", departureDate);<!-- [et_pb_line_break_holder] -->  } else {<!-- [et_pb_line_break_holder] -->    $(\"#departureDate\").val(null);<!-- [et_pb_line_break_holder] -->  }<!-- [et_pb_line_break_holder] -->}<!-- [et_pb_line_break_holder] --><!-- [et_pb_line_break_holder] -->function checkDate() {<!-- [et_pb_line_break_holder] -->  let arrivalDateVal = moment($(\"#arrivalDate\").val());<!-- [et_pb_line_break_holder] -->  if (arrivalDateVal) {<!-- [et_pb_line_break_holder] -->    let departureDateVal = moment($(\"#departureDate\").val());<!-- [et_pb_line_break_holder] -->    if (arrivalDateVal.diff(departureDateVal, \"days\") >= 0) {<!-- [et_pb_line_break_holder] -->      $(\"#departureDate\").val(null);<!-- [et_pb_line_break_holder] -->      alert(\"De vertrekdatum moet minimaal 1 dag na de aankomstdatum liggen.\");<!-- [et_pb_line_break_holder] -->    }<!-- [et_pb_line_break_holder] -->  }<!-- [et_pb_line_break_holder] -->}<!-- [et_pb_line_break_holder] --><!-- [et_pb_line_break_holder] -->function selectHotel() {<!-- [et_pb_line_break_holder] -->  let arrivalDateVal = moment($(\"#arrivalDate\").val());<!-- [et_pb_line_break_holder] -->  let departureDateVal = moment($(\"#departureDate\").val());<!-- [et_pb_line_break_holder] -->  <!-- [et_pb_line_break_holder] -->  if (!arrivalDateVal || !departureDateVal) {<!-- [et_pb_line_break_holder] -->    alert(\"Selecteer zowel een aankomst- als een vertrekdatum.\");<!-- [et_pb_line_break_holder] -->    return;<!-- [et_pb_line_break_holder] -->  }<!-- [et_pb_line_break_holder] -->  <!-- [et_pb_line_break_holder] -->  if (arrivalDateVal.diff(departureDateVal, \"days\") >= 0) {<!-- [et_pb_line_break_holder] -->    alert(\"De vertrekdatum moet minimaal 1 dag na de aankomstdatum liggen.\");<!-- [et_pb_line_break_holder] -->    return;<!-- [et_pb_line_break_holder] -->  }<!-- [et_pb_line_break_holder] --><!-- [et_pb_line_break_holder] -->  let hotelValue = $(\"#hotel\").val();<!-- [et_pb_line_break_holder] -->  let noOfPeople = $(\"#person\").val();<!-- [et_pb_line_break_holder] -->  let totalNights = departureDateVal.diff(arrivalDateVal, \"days\");<!-- [et_pb_line_break_holder] --><!-- [et_pb_line_break_holder] -->  let redirectUrl = null;<!-- [et_pb_line_break_holder] -->  <!-- [et_pb_line_break_holder] -->  if (hotelValue === \"ibis-leiden\") {<!-- [et_pb_line_break_holder] -->    redirectUrl = `https:\/\/all.accor.com\/ssr\/app\/accor\/rates\/8087\/index.nl.shtml?dateIn=${arrivalDateVal.format(\"YYYY-MM-DD\")}&nights=${totalNights}&compositions=${noOfPeople}&stayplus=false&snu=false&accessibleRooms=false`;<!-- [et_pb_line_break_holder] -->  } else if (hotelValue === \"golden-tulip-leiden\" || hotelValue === \"tulip-inn-leiden\") {<!-- [et_pb_line_break_holder] -->    redirectUrl = `https:\/\/sky-eu1.clock-software.com\/spa\/pms-wbe\/#\/hotel\/11271?adult_count=${noOfPeople}&arrival=${arrivalDateVal.format(\"YYYY-MM-DD\")}&departure=${departureDateVal.format(\"YYYY-MM-DD\")}&nights=${totalNights}&submit=true`;<!-- [et_pb_line_break_holder] -->  } else {<!-- [et_pb_line_break_holder] -->    redirectUrl = `https:\/\/sky-eu1.clock-software.com\/spa\/pms-wbe\/#\/hotel\/12753?adult_count=${noOfPeople}&arrival=${arrivalDateVal.format(\"YYYY-MM-DD\")}&departure=${departureDateVal.format(\"YYYY-MM-DD\")}&nights=${totalNights}&submit=true`;<!-- [et_pb_line_break_holder] -->  }<!-- [et_pb_line_break_holder] --><!-- [et_pb_line_break_holder] -->  window.open(redirectUrl, \"_blank\");<!-- [et_pb_line_break_holder] -->}<!-- [et_pb_line_break_holder] --><\/script><!-- [et_pb_line_break_holder] --><!-- [et_pb_line_break_holder] --><\/pee><\/form>\n<\/div>\n<p>[\/et_pb_code][et_pb_button button_url=&#8220;https:\/\/sky-eu1.clock-software.com\/spa\/pms-wbe\/#\/hotel\/11271&#8243; button_text=&#8220;Haben Sie einen Code?&#8220; button_alignment=&#8220;center&#8220; _builder_version=&#8220;4.27.3&#8243; _module_preset=&#8220;default&#8220; global_colors_info=&#8220;{}&#8220;][\/et_pb_button][\/et_pb_column][\/et_pb_row][\/et_pb_section][et_pb_section fb_built=&#8220;1&#8243; _builder_version=&#8220;4.18.0&#8243; _module_preset=&#8220;default&#8220; global_colors_info=&#8220;{}&#8220;][et_pb_row _builder_version=&#8220;4.27.4&#8243; _module_preset=&#8220;default&#8220; hover_enabled=&#8220;0&#8243; global_colors_info=&#8220;{}&#8220; animation_style=&#8220;slide&#8220; animation_direction=&#8220;bottom&#8220; sticky_enabled=&#8220;0&#8243;][et_pb_column type=&#8220;4_4&#8243; _builder_version=&#8220;4.18.0&#8243; _module_preset=&#8220;default&#8220; global_colors_info=&#8220;{}&#8220;][et_pb_text _builder_version=&#8220;4.19.1&#8243; _module_preset=&#8220;default&#8220; global_colors_info=&#8220;{}&#8220;]<\/p>\n<p>  Dem Alltag entfliehen. Wir genie\u00dfen die Geselligkeit, ein weiteres gutes Gespr\u00e4ch, keine Eile und eine atemberaubende Landschaft, die es zu erkunden gilt. In den Golden Green Hotels tun wir alles, was wir k\u00f6nnen, um Ihren Aufenthalt zu einem Erfolg zu machen, und versuchen gleichzeitig, die Auswirkungen auf Natur und Umwelt zu minimieren. Wir erzielen mit kleinen Ma\u00dfnahmen eine gro\u00dfe Wirkung, ohne Ihren Komfort zu beeintr\u00e4chtigen. Daf\u00fcr haben wir das Green Key Zertifikat erhalten.<\/p>\n<p>Green Key ist ein bekanntes internationales G\u00fctesiegel f\u00fcr nachhaltige Unternehmen in der Hotel- und Freizeitbranche. An diesem G\u00fctesiegel k\u00f6nnen Sie erkennen, dass wir alles tun, um die Belastung von Natur und Umwelt durch unsere T\u00e4tigkeit so gering wie m\u00f6glich zu halten. Dabei gehen wir einen Schritt weiter, als es die \u00fcblichen Gesetze und Vorschriften verlangen. Das Zertifikat hat drei Stufen: Bronze, Silber und Gold. Je mehr Umweltma\u00dfnahmen ein Hotel eingef\u00fchrt hat, desto h\u00f6her ist sein &#8222;Umweltfreundlichkeitsgrad&#8220;.<\/p>\n<p>Der Gr\u00fcne Schl\u00fcssel, das G\u00fctesiegel f\u00fcr umweltfreundliche Unternehmen in der Tourismus- und Freizeitbranche, wird immer mehr zum Erkennungszeichen f\u00fcr Qualit\u00e4tsbetriebe. Unsere Hotels, Golden Tulip &amp; Tulip Inn Leiden Centre, haben erneut den &#8222;Goldenen&#8220; Gr\u00fcnen Schl\u00fcssel erhalten! Damit zeigen wir mit Stolz, dass unternehmerische Verantwortung f\u00fcr uns oberste Priorit\u00e4t hat. Unser Hotel Ibis Leiden Centre ist mit dem Planet 21-Label ausgezeichnet und befindet sich derzeit im Prozess zur Erlangung des Green Key-Labels.<\/p>\n<p><span style=\"font-size: 20px;\"><\/span><\/p>\n<p><span style=\"font-size: 20px;\">M\u00f6chten Sie weitere Informationen \u00fcber Green Key? Dann schauen Sie nach  <\/span><span style=\"font-size: 20px; text-decoration-line: underline;\"><a href=\"http:\/\/www.greenkey.nl\" style=\"color: #003366;\" target=\"_blank\" rel=\"noopener\">www.greenkey.nl<\/a><\/span><span style=\"font-size: 20px;\">.<\/span><\/p>\n<p>&nbsp;<\/p>\n<p>[\/et_pb_text][et_pb_button button_url=&#8220;https:\/\/goldengreenhotels.nl\/de\/kontakt\/reservierung-gt\/&#8220; button_text=&#8220;Buchung&#8220; button_alignment=&#8220;center&#8220; _builder_version=&#8220;4.19.0&#8243; _module_preset=&#8220;default&#8220; custom_button=&#8220;on&#8220; button_bg_color=&#8220;#003366&#8243; button_border_width=&#8220;0px&#8220; button_border_radius=&#8220;5px&#8220; global_colors_info=&#8220;{}&#8220;][\/et_pb_button][\/et_pb_column][\/et_pb_row][\/et_pb_section][et_pb_section fb_built=&#8220;1&#8243; _builder_version=&#8220;4.18.0&#8243; _module_preset=&#8220;default&#8220; global_colors_info=&#8220;{}&#8220;][et_pb_row column_structure=&#8220;1_2,1_2&#8243; _builder_version=&#8220;4.18.0&#8243; _module_preset=&#8220;default&#8220; hover_enabled=&#8220;0&#8243; global_colors_info=&#8220;{}&#8220; sticky_enabled=&#8220;0&#8243;][et_pb_column type=&#8220;1_2&#8243; _builder_version=&#8220;4.27.4&#8243; _module_preset=&#8220;default&#8220; hover_enabled=&#8220;0&#8243; global_colors_info=&#8220;{}&#8220; animation_style=&#8220;slide&#8220; animation_direction=&#8220;bottom&#8220; sticky_enabled=&#8220;0&#8243;][et_pb_text _builder_version=&#8220;4.20.2&#8243; _module_preset=&#8220;default&#8220; global_colors_info=&#8220;{}&#8220;]<\/p>\n<h4>Erreichbarkeit<\/h4>\n<p><span>Alle Golden Green Hotels befinden sich in der N\u00e4he des Hauptbahnhofs Leiden.<\/span> Es ist m\u00f6glich, am Hotel zu parken. Stellen Sie dazu Ihr Navigationsger\u00e4t auf Anthony Fokkerweg ein. Die Parkgeb\u00fchr betr\u00e4gt 17,50 \u20ac pro Nacht.<\/p>\n<p>[\/et_pb_text][et_pb_button button_url=&#8220;https:\/\/goldengreenhotels.nl\/de\/leiden-entdecken\/&#8220; button_text=&#8220;Leiden bietet besonders unterhaltsame Aktivit\u00e4ten. Schauen Sie sich diese hier an!&#8220; button_alignment=&#8220;center&#8220; _builder_version=&#8220;4.19.1&#8243; _module_preset=&#8220;default&#8220; custom_button=&#8220;on&#8220; button_bg_color=&#8220;#003366&#8243; button_border_radius=&#8220;5px&#8220; global_colors_info=&#8220;{}&#8220;][\/et_pb_button][\/et_pb_column][et_pb_column type=&#8220;1_2&#8243; _builder_version=&#8220;4.27.4&#8243; _module_preset=&#8220;default&#8220; hover_enabled=&#8220;0&#8243; global_colors_info=&#8220;{}&#8220; animation_style=&#8220;slide&#8220; animation_direction=&#8220;bottom&#8220; sticky_enabled=&#8220;0&#8243;][et_pb_code _builder_version=&#8220;4.19.1&#8243; _module_preset=&#8220;default&#8220; global_colors_info=&#8220;{}&#8220;]<iframe src=\"https:\/\/www.google.com\/maps\/embed?pb=!1m14!1m8!1m3!1d9788.788640549417!2d4.4852396!3d52.1671087!3m2!1i1024!2i768!4f13.1!3m3!1m2!1s0x0%3A0xecc6761cea84f49e!2sGolden%20Tulip%20%26%20Tulip%20Inn%20Leiden%20Centre!5e0!3m2!1snl!2snl!4v1669126762135!5m2!1snl!2snl\" width=\"600\" height=\"450\" style=\"border:0;\" allowfullscreen=\"\" loading=\"lazy\" referrerpolicy=\"no-referrer-when-downgrade\"><\/iframe>[\/et_pb_code][\/et_pb_column][\/et_pb_row][\/et_pb_section]<\/p>\n","protected":false},"excerpt":{"rendered":"<p>Gr\u00fcner Schl\u00fcssel Golden Green Hotels Dem Alltag entfliehen. Wir genie\u00dfen die Geselligkeit, ein weiteres gutes Gespr\u00e4ch, keine Eile und eine atemberaubende Landschaft, die es zu erkunden gilt. In den Golden Green Hotels tun wir alles, was wir k\u00f6nnen, um Ihren Aufenthalt zu einem Erfolg zu machen, und versuchen gleichzeitig, die Auswirkungen auf Natur und Umwelt [&hellip;]<\/p>\n","protected":false},"author":2,"featured_media":0,"parent":0,"menu_order":0,"comment_status":"closed","ping_status":"closed","template":"","meta":{"_et_pb_use_builder":"on","_et_pb_old_content":"","_et_gb_content_width":"","footnotes":""},"class_list":["post-2338","page","type-page","status-publish","hentry"],"_links":{"self":[{"href":"https:\/\/goldengreenhotels.nl\/de\/wp-json\/wp\/v2\/pages\/2338","targetHints":{"allow":["GET"]}}],"collection":[{"href":"https:\/\/goldengreenhotels.nl\/de\/wp-json\/wp\/v2\/pages"}],"about":[{"href":"https:\/\/goldengreenhotels.nl\/de\/wp-json\/wp\/v2\/types\/page"}],"author":[{"embeddable":true,"href":"https:\/\/goldengreenhotels.nl\/de\/wp-json\/wp\/v2\/users\/2"}],"replies":[{"embeddable":true,"href":"https:\/\/goldengreenhotels.nl\/de\/wp-json\/wp\/v2\/comments?post=2338"}],"version-history":[{"count":14,"href":"https:\/\/goldengreenhotels.nl\/de\/wp-json\/wp\/v2\/pages\/2338\/revisions"}],"predecessor-version":[{"id":7217,"href":"https:\/\/goldengreenhotels.nl\/de\/wp-json\/wp\/v2\/pages\/2338\/revisions\/7217"}],"wp:attachment":[{"href":"https:\/\/goldengreenhotels.nl\/de\/wp-json\/wp\/v2\/media?parent=2338"}],"curies":[{"name":"wp","href":"https:\/\/api.w.org\/{rel}","templated":true}]}}