{"id":7302,"date":"2025-05-15T11:56:21","date_gmt":"2025-05-15T09:56:21","guid":{"rendered":"https:\/\/goldengreenhotels.nl\/arbeiten-bei-golden-green-hotels\/"},"modified":"2025-05-15T12:21:10","modified_gmt":"2025-05-15T10:21:10","slug":"arbeiten-bei-golden-green-hotels","status":"publish","type":"page","link":"https:\/\/goldengreenhotels.nl\/de\/arbeiten-bei-golden-green-hotels\/","title":{"rendered":"Arbeiten bei Golden Green Hotels"},"content":{"rendered":"<p>[et_pb_section fb_built=&#8220;1&#8243; _builder_version=&#8220;4.27.4&#8243; _module_preset=&#8220;default&#8220; background_image=&#8220;https:\/\/goldengreenhotels.nl\/wp-content\/uploads\/2025\/05\/Wouter-Keuris-Fotografie-014-scaled.jpg&#8220; height=&#8220;600px&#8220; hover_enabled=&#8220;0&#8243; global_colors_info=&#8220;{}&#8220; admin_label=&#8220;Sectie&#8220; sticky_enabled=&#8220;0&#8243; locked=&#8220;off&#8220; theme_builder_area=&#8220;post_content&#8220; title_text=&#8220;Wouter Keuris Fotografie&#8220;][et_pb_row _builder_version=&#8220;4.19.1&#8243; _module_preset=&#8220;default&#8220; custom_margin=&#8220;100px||||false|false&#8220; global_colors_info=&#8220;{}&#8220; theme_builder_area=&#8220;post_content&#8220;][et_pb_column type=&#8220;4_4&#8243; _builder_version=&#8220;4.18.0&#8243; _module_preset=&#8220;default&#8220; global_colors_info=&#8220;{}&#8220; theme_builder_area=&#8220;post_content&#8220;][et_pb_text admin_label=&#8220;Tekst&#8220; _builder_version=&#8220;4.27.4&#8243; _module_preset=&#8220;default&#8220; header_text_color=&#8220;#FFFFFF&#8220; text_orientation=&#8220;center&#8220; animation_style=&#8220;slide&#8220; animation_direction=&#8220;bottom&#8220; hover_enabled=&#8220;0&#8243; header_text_shadow_style=&#8220;preset1&#8243; global_colors_info=&#8220;{}&#8220; theme_builder_area=&#8220;post_content&#8220; sticky_enabled=&#8220;0&#8243;]<\/p>\n<h1 class=\"entry-title main_title\">Arbeiten bei Golden Green Hotels<\/h1>\n<p>[\/et_pb_text][\/et_pb_column][\/et_pb_row][\/et_pb_section][et_pb_section fb_built=&#8220;1&#8243; _builder_version=&#8220;4.18.0&#8243; _module_preset=&#8220;default&#8220; global_colors_info=&#8220;{}&#8220; locked=&#8220;off&#8220; theme_builder_area=&#8220;post_content&#8220;][et_pb_row column_structure=&#8220;1_2,1_2&#8243; _builder_version=&#8220;4.27.4&#8243; _module_preset=&#8220;default&#8220; hover_enabled=&#8220;0&#8243; global_colors_info=&#8220;{}&#8220; theme_builder_area=&#8220;post_content&#8220; sticky_enabled=&#8220;0&#8243;][et_pb_column type=&#8220;1_2&#8243; _builder_version=&#8220;4.18.0&#8243; _module_preset=&#8220;default&#8220; global_colors_info=&#8220;{}&#8220; theme_builder_area=&#8220;post_content&#8220; admin_label=&#8220;S\u00e4ule&#8220;][et_pb_text _builder_version=&#8220;4.27.4&#8243; _module_preset=&#8220;default&#8220; theme_builder_area=&#8220;post_content&#8220; hover_enabled=&#8220;0&#8243; sticky_enabled=&#8220;0&#8243; animation_style=&#8220;slide&#8220; animation_direction=&#8220;bottom&#8220;]<\/p>\n<h4><span style=\"font-weight: 400;\">Bei Golden Green Hotels zu arbeiten bedeutet, in einem herzlichen, pers\u00f6nlichen und professionellen Umfeld zu arbeiten.<\/span><\/h4>\n<h4><span style=\"font-weight: 400;\">Wir glauben, dass Menschen den Unterschied machen &#8211; deshalb investieren wir in unser Team.<\/span><\/h4>\n<p>[\/et_pb_text][et_pb_text _builder_version=&#8220;4.27.4&#8243; _module_preset=&#8220;default&#8220; animation_style=&#8220;slide&#8220; animation_direction=&#8220;bottom&#8220; hover_enabled=&#8220;0&#8243; global_colors_info=&#8220;{}&#8220; theme_builder_area=&#8220;post_content&#8220; sticky_enabled=&#8220;0&#8243; admin_label=&#8220;Tekst&#8220;]<\/p>\n<p>Egal, ob Sie an der Rezeption, im Housekeeping, in der K\u00fcche oder im Management arbeiten: Sie tragen dazu bei, dass unsere G\u00e4ste etwas erleben. Und daf\u00fcr sind wir Ihnen dankbar. <\/p>\n<p>Bei uns bekommen Sie Raum, sich zu entfalten, Ideen einzubringen und wirklich Teil eines Teams zu sein. Denn genau wie unsere G\u00e4ste m\u00f6chten wir, dass Sie sich bei uns wie zu Hause f\u00fchlen. <\/p>\n<p>[\/et_pb_text][et_pb_text _builder_version=&#8220;4.27.4&#8243; _module_preset=&#8220;default&#8220; theme_builder_area=&#8220;post_content&#8220; hover_enabled=&#8220;0&#8243; sticky_enabled=&#8220;0&#8243; animation_style=&#8220;slide&#8220; animation_direction=&#8220;bottom&#8220;]<\/p>\n<h4><span style=\"font-weight: 400;\">Schauen Sie sich unsere Stellenangebote an und finden Sie heraus, ob eine Stelle f\u00fcr Sie dabei ist.<\/span><\/h4>\n<p>[\/et_pb_text][\/et_pb_column][et_pb_column type=&#8220;1_2&#8243; _builder_version=&#8220;4.18.0&#8243; _module_preset=&#8220;default&#8220; global_colors_info=&#8220;{}&#8220; theme_builder_area=&#8220;post_content&#8220;][et_pb_image src=&#8220;https:\/\/goldengreenhotels.nl\/wp-content\/uploads\/2025\/05\/werken-bij-golden-green-hotels-.jpg&#8220; alt=&#8220;Arbeiten bei Golden Green Hotels&#8220; title_text=&#8220;Arbeiten bei Golden Green Hotels&#8220; _builder_version=&#8220;4.27.4&#8243; _module_preset=&#8220;default&#8220; animation_style=&#8220;slide&#8220; animation_direction=&#8220;bottom&#8220; hover_enabled=&#8220;0&#8243; border_radii=&#8220;on|5px|5px|5px|5px&#8220; global_colors_info=&#8220;{}&#8220; theme_builder_area=&#8220;post_content&#8220; sticky_enabled=&#8220;0&#8243;][\/et_pb_image][\/et_pb_column][\/et_pb_row][et_pb_row _builder_version=&#8220;4.27.4&#8243; _module_preset=&#8220;default&#8220; theme_builder_area=&#8220;post_content&#8220; hover_enabled=&#8220;0&#8243; sticky_enabled=&#8220;0&#8243;][et_pb_column _builder_version=&#8220;4.27.4&#8243; _module_preset=&#8220;default&#8220; type=&#8220;4_4&#8243; theme_builder_area=&#8220;post_content&#8220; hover_enabled=&#8220;0&#8243; sticky_enabled=&#8220;0&#8243;][et_pb_testimonial author=&#8220;Nick&#8220; portrait_url=&#8220;data:image\/svg+xml;base64,PHN2ZyB3aWR0aD0iNTAwIiBoZWlnaHQ9IjUwMCIgdmlld0JveD0iMCAwIDUwMCA1MDAiIHhtbG5zPSJodHRwOi8vd3d3LnczLm9yZy8yMDAwL3N2ZyI+CiAgICA8ZyBmaWxsPSJub25lIiBmaWxsLXJ1bGU9ImV2ZW5vZGQiPgogICAgICAgIDxwYXRoIGZpbGw9IiNFQkVCRUIiIGQ9Ik0wIDBoNTAwdjUwMEgweiIvPgogICAgICAgIDxyZWN0IGZpbGwtb3BhY2l0eT0iLjEiIGZpbGw9IiMwMDAiIHg9IjY4IiB5PSIzMDUiIHdpZHRoPSIzNjQiIGhlaWdodD0iNTY4IiByeD0iMTgyIi8+CiAgICAgICAgPGNpcmNsZSBmaWxsLW9wYWNpdHk9Ii4xIiBmaWxsPSIjMDAwIiBjeD0iMjQ5IiBjeT0iMTcyIiByPSIxMDAiLz4KICAgIDwvZz4KPC9zdmc+Cg==&#8220; _builder_version=&#8220;4.27.4&#8243; _module_preset=&#8220;default&#8220; theme_builder_area=&#8220;post_content&#8220; job_title=&#8220;Kochen&#8220; company_name=&#8220;Restaurant Rubens&#8220; hover_enabled=&#8220;0&#8243; sticky_enabled=&#8220;0&#8243; use_icon_font_size=&#8220;on&#8220; portrait_width=&#8220;0px&#8220; portrait_height=&#8220;0px&#8220; text_orientation=&#8220;center&#8220; body_text_align=&#8220;center&#8220; author_text_align=&#8220;center&#8220; icon_font_size=&#8220;50px&#8220; animation_style=&#8220;slide&#8220; animation_direction=&#8220;bottom&#8220;]<\/p>\n<p>Wir arbeiten wirklich als Team zusammen, wir sind gut aufeinander abgestimmt. Wir sind nur zu gerne bereit, f\u00fcr unsere G\u00e4ste die Extrameile zu gehen, aber wir haben auch immer Zeit f\u00fcr ein bisschen Spa\u00df. <\/p>\n<p>[\/et_pb_testimonial][\/et_pb_column][\/et_pb_row][\/et_pb_section]<\/p>\n","protected":false},"excerpt":{"rendered":"<p>Arbeiten bei Golden Green HotelsBei Golden Green Hotels zu arbeiten bedeutet, in einem herzlichen, pers\u00f6nlichen und professionellen Umfeld zu arbeiten. Wir glauben, dass Menschen den Unterschied machen &#8211; deshalb investieren wir in unser Team.Egal, ob Sie an der Rezeption, im Housekeeping, in der K\u00fcche oder im Management arbeiten: Sie tragen dazu bei, dass unsere G\u00e4ste [&hellip;]<\/p>\n","protected":false},"author":11,"featured_media":7265,"parent":0,"menu_order":0,"comment_status":"closed","ping_status":"closed","template":"","meta":{"_et_pb_use_builder":"on","_et_pb_old_content":"","_et_gb_content_width":"","footnotes":""},"class_list":["post-7302","page","type-page","status-publish","has-post-thumbnail","hentry"],"_links":{"self":[{"href":"https:\/\/goldengreenhotels.nl\/de\/wp-json\/wp\/v2\/pages\/7302","targetHints":{"allow":["GET"]}}],"collection":[{"href":"https:\/\/goldengreenhotels.nl\/de\/wp-json\/wp\/v2\/pages"}],"about":[{"href":"https:\/\/goldengreenhotels.nl\/de\/wp-json\/wp\/v2\/types\/page"}],"author":[{"embeddable":true,"href":"https:\/\/goldengreenhotels.nl\/de\/wp-json\/wp\/v2\/users\/11"}],"replies":[{"embeddable":true,"href":"https:\/\/goldengreenhotels.nl\/de\/wp-json\/wp\/v2\/comments?post=7302"}],"version-history":[{"count":6,"href":"https:\/\/goldengreenhotels.nl\/de\/wp-json\/wp\/v2\/pages\/7302\/revisions"}],"predecessor-version":[{"id":7333,"href":"https:\/\/goldengreenhotels.nl\/de\/wp-json\/wp\/v2\/pages\/7302\/revisions\/7333"}],"wp:featuredmedia":[{"embeddable":true,"href":"https:\/\/goldengreenhotels.nl\/de\/wp-json\/wp\/v2\/media\/7265"}],"wp:attachment":[{"href":"https:\/\/goldengreenhotels.nl\/de\/wp-json\/wp\/v2\/media?parent=7302"}],"curies":[{"name":"wp","href":"https:\/\/api.w.org\/{rel}","templated":true}]}}