{"id":7452,"date":"2025-10-02T15:18:42","date_gmt":"2025-10-02T13:18:42","guid":{"rendered":"https:\/\/goldengreenhotels.nl\/automatische-konzepte\/"},"modified":"2025-10-02T15:51:15","modified_gmt":"2025-10-02T13:51:15","slug":"automatische-konzepte","status":"publish","type":"page","link":"https:\/\/goldengreenhotels.nl\/de\/automatische-konzepte\/","title":{"rendered":"Internationales Filmfestival Leiden"},"content":{"rendered":"<p>[et_pb_section fb_built=&#8220;1&#8243; fullwidth=&#8220;on&#8220; _builder_version=&#8220;4.27.4&#8243; _module_preset=&#8220;default&#8220; background_image=&#8220;https:\/\/goldengreenhotels.nl\/wp-content\/uploads\/2025\/10\/LIFF.jpg&#8220; background_repeat=&#8220;repeat&#8220; height=&#8220;400px&#8220; global_colors_info=&#8220;{}&#8220;][\/et_pb_section][et_pb_section fb_built=&#8220;1&#8243; _builder_version=&#8220;4.27.4&#8243; _module_preset=&#8220;default&#8220; global_colors_info=&#8220;{}&#8220;][et_pb_row _builder_version=&#8220;4.27.4&#8243; _module_preset=&#8220;default&#8220; custom_margin=&#8220;|auto|44px|auto||&#8220; global_colors_info=&#8220;{}&#8220;][et_pb_column type=&#8220;4_4&#8243; _builder_version=&#8220;4.27.4&#8243; _module_preset=&#8220;default&#8220; global_colors_info=&#8220;{}&#8220;][et_pb_text _builder_version=&#8220;4.27.4&#8243; _module_preset=&#8220;default&#8220; global_colors_info=&#8220;{}&#8220;]<\/p>\n<h1>Wir sehen uns im Kino!<\/h1>\n<p>Besuchen Sie dieses Jahr das Leiden International Film Festival und m\u00f6chten Sie Ihren Besuch mit einem Hotelaufenthalt verbinden? In Zusammenarbeit mit dem LIFF bieten wir Ihnen einige tolle Pakete an. Buchen Sie unten Ihren Aufenthalt in Leiden!<\/p>\n<p>[\/et_pb_text][\/et_pb_column][\/et_pb_row][\/et_pb_section][et_pb_section fb_built=&#8220;1&#8243; _builder_version=&#8220;4.19.1&#8243; _module_preset=&#8220;default&#8220; global_colors_info=&#8220;{}&#8220;][et_pb_row column_structure=&#8220;1_2,1_2&#8243; _builder_version=&#8220;4.27.4&#8243; _module_preset=&#8220;default&#8220; custom_padding=&#8220;||6px|||&#8220; global_colors_info=&#8220;{}&#8220;][et_pb_column type=&#8220;1_2&#8243; _builder_version=&#8220;4.27.4&#8243; _module_preset=&#8220;default&#8220; global_colors_info=&#8220;{}&#8220;][et_pb_image src=&#8220;https:\/\/goldengreenhotels.nl\/wp-content\/uploads\/2022\/11\/SliderGolden-Tulip-Comfort-kamer-Leiden-2.webp&#8220; title_text=&#8220;SchiebereglerGolden Tulip Komfortzimmer Leiden 2&#8243; _builder_version=&#8220;4.24.2&#8243; _module_preset=&#8220;default&#8220; max_width=&#8220;100%&#8220; min_height=&#8220;400px&#8220; height=&#8220;250px&#8220; custom_padding=&#8220;|38px|0px|0px||&#8220; border_radii=&#8220;on|5px|5px|5px|5px&#8220; global_colors_info=&#8220;{}&#8220;][\/et_pb_image][\/et_pb_column][et_pb_column type=&#8220;1_2&#8243; _builder_version=&#8220;4.19.1&#8243; _module_preset=&#8220;default&#8220; global_colors_info=&#8220;{}&#8220;][et_pb_text _builder_version=&#8220;4.27.4&#8243; _module_preset=&#8220;default&#8220; inline_fonts=&#8220;ABeeZee&#8220; global_colors_info=&#8220;{}&#8220;]<\/p>\n<h2>  Filmabend!<\/h2>\n<p>Anl\u00e4sslich des LIFF bieten wir Ihnen unsere \u00dcbernachtungsm\u00f6glichkeiten inklusive Fr\u00fchst\u00fcck zu einem Sonderpreis an.<\/p>\n<ul>\n<li>\u00dcbernachtung in einem Golden Tulip 4* Comfort Zimmer oder Tulip Inn 3* Standard Zimmer<\/li>\n<li>Reichhaltiges Fr\u00fchst\u00fccksbuffet im Restaurant Rubens<\/li>\n<li>Kostenlose Stornierung bis zu 24 Stunden vor dem Anreisetag<\/li>\n<\/ul>\n<p>[\/et_pb_text][et_pb_button button_text=&#8220;Buchen Sie hier!&#8220; button_alignment=&#8220;center&#8220; _builder_version=&#8220;4.27.4&#8243; _module_preset=&#8220;default&#8220; custom_button=&#8220;on&#8220; button_border_radius=&#8220;10px&#8220; global_colors_info=&#8220;{}&#8220;][\/et_pb_button][\/et_pb_column][\/et_pb_row][et_pb_row column_structure=&#8220;1_2,1_2&#8243; _builder_version=&#8220;4.27.4&#8243; _module_preset=&#8220;default&#8220; global_colors_info=&#8220;{}&#8220;][et_pb_column type=&#8220;1_2&#8243; _builder_version=&#8220;4.19.1&#8243; _module_preset=&#8220;default&#8220; global_colors_info=&#8220;{}&#8220;][et_pb_text _builder_version=&#8220;4.27.4&#8243; _module_preset=&#8220;default&#8220; custom_padding=&#8220;||0px|||&#8220; global_colors_info=&#8220;{}&#8220;]<\/p>\n<h2>Abendessen und ein Film?<\/h2>\n<p>Bleiben Sie auch zum Abendessen? Dann buchen Sie unser Paket mit 3-G\u00e4nge-Men\u00fc.<\/p>\n<p>&nbsp;<\/p>\n<ul>\n<li>\u00dcbernachtung in einem Golden Tulip 4* Comfort Zimmer oder Tulip Inn 3* Standard Zimmer<\/li>\n<li>Inklusive reichhaltigem Fr\u00fchst\u00fccksbuffet im Restaurant Rubens<\/li>\n<li>Genie\u00dfen Sie ein kulinarisches 3-G\u00e4nge-Men\u00fc, bevor Sie den Film sehen<\/li>\n<li>Kostenlose Stornierung bis zu 24 Stunden vor dem Anreisetag<\/li>\n<\/ul>\n<p>[\/et_pb_text][et_pb_button button_url=&#8220;#reservering&#8220; button_text=&#8220;Buchen Sie hier!&#8220; button_alignment=&#8220;center&#8220; _builder_version=&#8220;4.27.4&#8243; _module_preset=&#8220;default&#8220; custom_button=&#8220;on&#8220; button_bg_color=&#8220;#003366&#8243; button_border_width=&#8220;0px&#8220; button_border_radius=&#8220;5px&#8220; global_colors_info=&#8220;{}&#8220;][\/et_pb_button][\/et_pb_column][et_pb_column type=&#8220;1_2&#8243; _builder_version=&#8220;4.19.1&#8243; _module_preset=&#8220;default&#8220; global_colors_info=&#8220;{}&#8220;][et_pb_image src=&#8220;https:\/\/goldengreenhotels.nl\/wp-content\/uploads\/2022\/11\/Restaurant-Rubens-1.2.webp&#8220; title_text=&#8220;Restaurant Rubens 1.2&#8243; _builder_version=&#8220;4.27.4&#8243; _module_preset=&#8220;default&#8220; global_colors_info=&#8220;{}&#8220;][\/et_pb_image][\/et_pb_column][\/et_pb_row][et_pb_row _builder_version=&#8220;4.19.1&#8243; _module_preset=&#8220;default&#8220; global_colors_info=&#8220;{}&#8220;][et_pb_column type=&#8220;4_4&#8243; _builder_version=&#8220;4.19.1&#8243; _module_preset=&#8220;default&#8220; global_colors_info=&#8220;{}&#8220;][et_pb_text _builder_version=&#8220;4.24.0&#8243; _module_preset=&#8220;default&#8220; text_orientation=&#8220;center&#8220; min_height=&#8220;30px&#8220; global_colors_info=&#8220;{}&#8220;][\/et_pb_text][\/et_pb_column][\/et_pb_row][\/et_pb_section]<\/p>\n","protected":false},"excerpt":{"rendered":"<p>Wir sehen uns im Kino! Besuchen Sie dieses Jahr das Leiden International Film Festival und m\u00f6chten Sie Ihren Besuch mit einem Hotelaufenthalt verbinden? In Zusammenarbeit mit dem LIFF bieten wir Ihnen einige tolle Pakete an. Buchen Sie unten Ihren Aufenthalt in Leiden! Filmabend! Anl\u00e4sslich des LIFF bieten wir Ihnen unsere \u00dcbernachtungsm\u00f6glichkeiten inklusive Fr\u00fchst\u00fcck zu einem [&hellip;]<\/p>\n","protected":false},"author":10,"featured_media":0,"parent":0,"menu_order":0,"comment_status":"closed","ping_status":"closed","template":"","meta":{"_et_pb_use_builder":"on","_et_pb_old_content":"","_et_gb_content_width":"","footnotes":""},"class_list":["post-7452","page","type-page","status-publish","hentry"],"_links":{"self":[{"href":"https:\/\/goldengreenhotels.nl\/de\/wp-json\/wp\/v2\/pages\/7452","targetHints":{"allow":["GET"]}}],"collection":[{"href":"https:\/\/goldengreenhotels.nl\/de\/wp-json\/wp\/v2\/pages"}],"about":[{"href":"https:\/\/goldengreenhotels.nl\/de\/wp-json\/wp\/v2\/types\/page"}],"author":[{"embeddable":true,"href":"https:\/\/goldengreenhotels.nl\/de\/wp-json\/wp\/v2\/users\/10"}],"replies":[{"embeddable":true,"href":"https:\/\/goldengreenhotels.nl\/de\/wp-json\/wp\/v2\/comments?post=7452"}],"version-history":[{"count":12,"href":"https:\/\/goldengreenhotels.nl\/de\/wp-json\/wp\/v2\/pages\/7452\/revisions"}],"predecessor-version":[{"id":7475,"href":"https:\/\/goldengreenhotels.nl\/de\/wp-json\/wp\/v2\/pages\/7452\/revisions\/7475"}],"wp:attachment":[{"href":"https:\/\/goldengreenhotels.nl\/de\/wp-json\/wp\/v2\/media?parent=7452"}],"curies":[{"name":"wp","href":"https:\/\/api.w.org\/{rel}","templated":true}]}}